{"id":16065,"date":"2025-08-24T20:55:31","date_gmt":"2025-08-24T18:55:31","guid":{"rendered":"https:\/\/spielecheck.gg\/?page_id=16065"},"modified":"2025-08-24T20:58:51","modified_gmt":"2025-08-24T18:58:51","slug":"aftryk","status":"publish","type":"page","link":"https:\/\/spielecheck.gg\/da-dk\/aftryk\/","title":{"rendered":"Aftryk"},"content":{"rendered":"<div data-elementor-type=\"wp-page\" data-elementor-id=\"16065\" class=\"elementor elementor-16065\" data-elementor-post-type=\"page\">\n\t\t\t\t<div class=\"elementor-element elementor-element-1820578 e-flex e-con-boxed e-con e-parent\" data-id=\"1820578\" data-element_type=\"container\" data-e-type=\"container\">\n\t\t\t\t\t<div class=\"e-con-inner\">\n\t\t\t\t<div class=\"elementor-element elementor-element-d168b74 elementor-widget elementor-widget-text-editor\" data-id=\"d168b74\" data-element_type=\"widget\" data-e-type=\"widget\" data-widget_type=\"text-editor.default\">\n\t\t\t\t\t\t\t\t\t<h1>Aftryk<\/h1><p><strong>SPIELECHECK er en virksomhed med <a href=\"https:\/\/247kreativ.de\/\" target=\"_blank\" rel=\"noopener\">247creative<\/a><\/strong><\/p><p><strong>Kontakt:<\/strong> Thomas Dittrich, Arendahls Hang 37, 45141 Essen, Tyskland<\/p><p><strong>Tlf:<\/strong> +49 171 \/ 2 88 98 09<br \/><strong>e-mail:<\/strong> info@247kreativ.de<\/p><p><strong>Identifikationsnummer for oms\u00e6tningsafgift:<\/strong> DE361491237<\/p><p><strong>Ansvarlig part i henhold til \u00a7 18, stk. 2, i MStV:<\/strong><br \/>Thomas Dittrich<\/p><p><strong>Kompetent tilsynsmyndighed for levering af audiovisuelle medietjenester:<\/strong> <br \/>Media Authority NRW, Zollhof 2, 40221 D\u00fcsseldorf, Tyskland<\/p>\t\t\t\t\t\t\t\t<\/div>\n\t\t\t\t<div class=\"elementor-element elementor-element-50532f4 elementor-widget elementor-widget-html\" data-id=\"50532f4\" data-element_type=\"widget\" data-e-type=\"widget\" data-widget_type=\"html.default\">\n\t\t\t\t\t<center><a href=\"https:\/\/www.it-recht-kanzlei.de\/\" target=\"_blank\"><img decoding=\"async\" src=\"https:\/\/www.it-recht-kanzlei.de\/logo\/Logo_Juristisch_betreut_durch_IT-Recht_Kanzlei.png?i=2e79d-14f1f-39c6-907c-1\" alt=\"Repr\u00e6senteret af IT-advokatfirmaet\" \/><\/a><\/center>\t\t\t\t<\/div>\n\t\t\t\t\t<\/div>\n\t\t\t\t<\/div>\n\t\t\t\t<\/div>","protected":false},"excerpt":{"rendered":"<p>Impressum SPIELECHECK ist eine Unternehmung von 247kreativ Kontakt: Thomas Dittrich, Arendahls Hang 37, 45141 Essen, Deutschland Tel.: +49 171 \/ 2 88 98 09E-Mail: info@247kreativ.de Umsatzsteuer-Identifikationsnummer: DE361491237 Verantwortliche\/r i.S.d. \u00a7 18 Abs. 2 MStV:Thomas Dittrich Zust\u00e4ndige Aufsichtsbeh\u00f6rde f\u00fcr das Angebot audiovisueller Mediendienste: Landesanstalt f\u00fcr Medien NRW, Zollhof 2, 40221 D\u00fcsseldorf, Deutschland<\/p>","protected":false},"author":2,"featured_media":0,"parent":0,"menu_order":0,"comment_status":"closed","ping_status":"closed","template":"","meta":{"_acf_changed":false,"footnotes":""},"class_list":["post-16065","page","type-page","status-publish","hentry"],"acf":[],"aioseo_notices":[],"essb_shorturl_ssu":null,"hashtags_social_media":null,"_hashtags_social_media":null,"instagram_carousel_01_feature_url":null,"_instagram_carousel_01_feature_url":null,"instagram_carousel_02_url":null,"_instagram_carousel_02_url":null,"instagram_carousel_03_url":null,"_instagram_carousel_03_url":null,"instagram_carousel_04_url":null,"_instagram_carousel_04_url":null,"Instagram_User":null,"_Instagram_User":null,"X_User":null,"_X_User":null,"Facebook_User":null,"_Facebook_User":null,"werbung_hinweis_social_media":null,"_werbung_hinweis_social_media":null,"auto_share_make_com":null,"_auto_share_make_com":null,"wp-worthy-pixel":{"ignored":false,"public":null,"server":null,"url":null},"wp-worthy-type":"normal","aioseo_head":"\n\t\t<!-- All in One SEO Pro 4.9.6.2 - aioseo.com -->\n\t<meta name=\"description\" content=\"ImpressumSPIELECHECK ist eine Unternehmung von 247kreativKontakt: Thomas Dittrich, Arendahls Hang 37, 45141 Essen, DeutschlandTel.: +49 171 \/ 2 88 98 09E-Mail: info@247kreativ.deUmsatzsteuer-Identifikationsnummer: DE361491237Verantwortliche\/r i.S.d. \u00a7 18 Abs. 2 MStV:Thomas DittrichZust\u00e4ndige Aufsichtsbeh\u00f6rde f\u00fcr das Angebot audiovisueller Mediendienste: Landesanstalt f\u00fcr Medien NRW, Zollhof 2, 40221 D\u00fcsseldorf, Deutschland\" \/>\n\t<meta name=\"robots\" content=\"max-image-preview:large\" \/>\n\t<meta name=\"google-site-verification\" content=\"vd9Fp4EPjxdabCEJreHeRT6FIgd7FLeKQsQt0qUR-AA\" \/>\n\t<meta name=\"p:domain_verify\" content=\"0549fc0b792c03b59db142166b471c53\" \/>\n\t<link rel=\"canonical\" href=\"https:\/\/spielecheck.gg\/da-dk\/aftryk\/\" \/>\n\t<meta name=\"generator\" content=\"All in One SEO Pro (AIOSEO) 4.9.6.2\" \/>\n\t\t<meta property=\"og:locale\" content=\"da_DK\" \/>\n\t\t<meta property=\"og:site_name\" content=\"SPIELECHECK\" \/>\n\t\t<meta property=\"og:type\" content=\"article\" \/>\n\t\t<meta property=\"og:title\" content=\"Impressum\" \/>\n\t\t<meta property=\"og:description\" content=\"ImpressumSPIELECHECK ist eine Unternehmung von 247kreativKontakt: Thomas Dittrich, Arendahls Hang 37, 45141 Essen, DeutschlandTel.: +49 171 \/ 2 88 98 09E-Mail: info@247kreativ.deUmsatzsteuer-Identifikationsnummer: DE361491237Verantwortliche\/r i.S.d. \u00a7 18 Abs. 2 MStV:Thomas DittrichZust\u00e4ndige Aufsichtsbeh\u00f6rde f\u00fcr das Angebot audiovisueller Mediendienste: Landesanstalt f\u00fcr Medien NRW, Zollhof 2, 40221 D\u00fcsseldorf, Deutschland\" \/>\n\t\t<meta property=\"og:url\" content=\"https:\/\/spielecheck.gg\/da-dk\/aftryk\/\" \/>\n\t\t<meta property=\"og:image\" content=\"https:\/\/spielecheck.gg\/wp-content\/uploads\/2024\/11\/seo-picture-spielecheck-01.webp\" \/>\n\t\t<meta property=\"og:image:secure_url\" content=\"https:\/\/spielecheck.gg\/wp-content\/uploads\/2024\/11\/seo-picture-spielecheck-01.webp\" \/>\n\t\t<meta property=\"og:image:width\" content=\"1280\" \/>\n\t\t<meta property=\"og:image:height\" content=\"720\" \/>\n\t\t<meta property=\"article:published_time\" content=\"2025-08-24T18:55:31+00:00\" \/>\n\t\t<meta property=\"article:modified_time\" content=\"2025-08-24T18:58:51+00:00\" \/>\n\t\t<meta property=\"article:publisher\" content=\"https:\/\/www.facebook.com\/spielecheckgg\/\" \/>\n\t\t<meta property=\"article:author\" content=\"https:\/\/www.facebook.com\/31nf4ch70mmy.D3\" \/>\n\t\t<meta name=\"twitter:card\" content=\"summary_large_image\" \/>\n\t\t<meta name=\"twitter:site\" content=\"@SpieleCheckGG\" \/>\n\t\t<meta name=\"twitter:title\" content=\"Impressum\" \/>\n\t\t<meta name=\"twitter:description\" content=\"ImpressumSPIELECHECK ist eine Unternehmung von 247kreativKontakt: Thomas Dittrich, Arendahls Hang 37, 45141 Essen, DeutschlandTel.: +49 171 \/ 2 88 98 09E-Mail: info@247kreativ.deUmsatzsteuer-Identifikationsnummer: DE361491237Verantwortliche\/r i.S.d. \u00a7 18 Abs. 2 MStV:Thomas DittrichZust\u00e4ndige Aufsichtsbeh\u00f6rde f\u00fcr das Angebot audiovisueller Mediendienste: Landesanstalt f\u00fcr Medien NRW, Zollhof 2, 40221 D\u00fcsseldorf, Deutschland\" \/>\n\t\t<meta name=\"twitter:creator\" content=\"@EinfachTommyDE\" \/>\n\t\t<meta name=\"twitter:image\" content=\"https:\/\/spielecheck.gg\/wp-content\/uploads\/2024\/11\/seo-picture-spielecheck-01.webp\" \/>\n\t\t<meta name=\"twitter:label1\" content=\"Written by\" \/>\n\t\t<meta name=\"twitter:data1\" content=\"EinfachTommy\" \/>\n\t\t<script type=\"application\/ld+json\" class=\"aioseo-schema\">\n\t\t\t{\"@context\":\"https:\\\/\\\/schema.org\",\"@graph\":[{\"@type\":\"BreadcrumbList\",\"@id\":\"https:\\\/\\\/spielecheck.gg\\\/da-dk\\\/aftryk\\\/#breadcrumblist\",\"itemListElement\":[{\"@type\":\"ListItem\",\"@id\":\"https:\\\/\\\/spielecheck.gg\\\/da-dk#listItem\",\"position\":1,\"name\":\"Start\",\"item\":\"https:\\\/\\\/spielecheck.gg\\\/da-dk\",\"nextItem\":{\"@type\":\"ListItem\",\"@id\":\"https:\\\/\\\/spielecheck.gg\\\/da-dk\\\/aftryk\\\/#listItem\",\"name\":\"Impressum\"}},{\"@type\":\"ListItem\",\"@id\":\"https:\\\/\\\/spielecheck.gg\\\/da-dk\\\/aftryk\\\/#listItem\",\"position\":2,\"name\":\"Impressum\",\"previousItem\":{\"@type\":\"ListItem\",\"@id\":\"https:\\\/\\\/spielecheck.gg\\\/da-dk#listItem\",\"name\":\"Start\"}}]},{\"@type\":\"Organization\",\"@id\":\"https:\\\/\\\/spielecheck.gg\\\/da-dk\\\/#organization\",\"name\":\"SPIELECHECK\",\"description\":\"Independent Gaming Magazin\",\"url\":\"https:\\\/\\\/spielecheck.gg\\\/da-dk\\\/\",\"email\":\"look@spielecheck.gg\",\"logo\":{\"@type\":\"ImageObject\",\"url\":\"https:\\\/\\\/spielecheck.gg\\\/wp-content\\\/uploads\\\/2024\\\/11\\\/spielecheck-logo-2024-01.png\",\"@id\":\"https:\\\/\\\/spielecheck.gg\\\/da-dk\\\/aftryk\\\/#organizationLogo\",\"width\":1284,\"height\":232,\"caption\":\"SPIELECHECK\"},\"image\":{\"@id\":\"https:\\\/\\\/spielecheck.gg\\\/da-dk\\\/aftryk\\\/#organizationLogo\"},\"sameAs\":[\"https:\\\/\\\/www.facebook.com\\\/spielecheckgg\\\/\",\"https:\\\/\\\/x.com\\\/SpieleCheckGG\",\"https:\\\/\\\/www.instagram.com\\\/spielecheck\",\"https:\\\/\\\/www.tiktok.com\\\/@spielecheckgg\",\"https:\\\/\\\/www.youtube.com\\\/@spielecheckgg\\\/\",\"https:\\\/\\\/www.linkedin.com\\\/company\\\/spielecheck\\\/\",\"https:\\\/\\\/bsky.app\\\/profile\\\/spielecheck.bsky.social\",\"https:\\\/\\\/www.threads.com\\\/@spielecheck\"]},{\"@type\":\"WebPage\",\"@id\":\"https:\\\/\\\/spielecheck.gg\\\/da-dk\\\/aftryk\\\/#webpage\",\"url\":\"https:\\\/\\\/spielecheck.gg\\\/da-dk\\\/aftryk\\\/\",\"name\":\"Impressum\",\"description\":\"ImpressumSPIELECHECK ist eine Unternehmung von 247kreativKontakt: Thomas Dittrich, Arendahls Hang 37, 45141 Essen, DeutschlandTel.: +49 171 \\\/ 2 88 98 09E-Mail: info@247kreativ.deUmsatzsteuer-Identifikationsnummer: DE361491237Verantwortliche\\\/r i.S.d. \\u00a7 18 Abs. 2 MStV:Thomas DittrichZust\\u00e4ndige Aufsichtsbeh\\u00f6rde f\\u00fcr das Angebot audiovisueller Mediendienste: Landesanstalt f\\u00fcr Medien NRW, Zollhof 2, 40221 D\\u00fcsseldorf, Deutschland\",\"inLanguage\":\"da-DK\",\"isPartOf\":{\"@id\":\"https:\\\/\\\/spielecheck.gg\\\/da-dk\\\/#website\"},\"breadcrumb\":{\"@id\":\"https:\\\/\\\/spielecheck.gg\\\/da-dk\\\/aftryk\\\/#breadcrumblist\"},\"datePublished\":\"2025-08-24T20:55:31+02:00\",\"dateModified\":\"2025-08-24T20:58:51+02:00\"},{\"@type\":\"WebSite\",\"@id\":\"https:\\\/\\\/spielecheck.gg\\\/da-dk\\\/#website\",\"url\":\"https:\\\/\\\/spielecheck.gg\\\/da-dk\\\/\",\"name\":\"SPIELECHECK\",\"description\":\"Independent Gaming Magazin\",\"inLanguage\":\"da-DK\",\"publisher\":{\"@id\":\"https:\\\/\\\/spielecheck.gg\\\/da-dk\\\/#organization\"}}]}\n\t\t<\/script>\n\t\t<!-- All in One SEO Pro -->\r\n\t\t<title>Impressum<\/title>\n\n","aioseo_head_json":{"title":"Aftryk","description":"ImprintSPIELECHECK er en virksomhed i 247kreativKontakt: Thomas Dittrich, Arendahls Hang 37, 45141 Essen, TysklandTel: +49 171 \/ 2 88 98 09E-Mail: info@247kreativ.deUmsatzsteuer-Identifikationsnummer: DE361491237Ansvarlig person i henhold til \u00a7 18 Abs. 2 MStV:Thomas DittrichKompetent tilsynsmyndighed for levering af audiovisuelle medietjenester: Landesanstalt f\u00fcr Medien NRW, Zollhof 2, 40221 D\u00fcsseldorf, Tyskland","canonical_url":"https:\/\/spielecheck.gg\/da-dk\/aftryk\/","robots":"max-image-preview:large","keywords":"","webmasterTools":{"google-site-verification":"vd9Fp4EPjxdabCEJreHeRT6FIgd7FLeKQsQt0qUR-AA","p:domain_verify":"0549fc0b792c03b59db142166b471c53","miscellaneous":""},"schema":{"@context":"https:\/\/schema.org","@graph":[{"@type":"BreadcrumbList","@id":"https:\/\/spielecheck.gg\/da-dk\/aftryk\/#breadcrumblist","itemListElement":[{"@type":"ListItem","@id":"https:\/\/spielecheck.gg\/da-dk#listItem","position":1,"name":"Start","item":"https:\/\/spielecheck.gg\/da-dk","nextItem":{"@type":"ListItem","@id":"https:\/\/spielecheck.gg\/da-dk\/aftryk\/#listItem","name":"Impressum"}},{"@type":"ListItem","@id":"https:\/\/spielecheck.gg\/da-dk\/aftryk\/#listItem","position":2,"name":"Impressum","previousItem":{"@type":"ListItem","@id":"https:\/\/spielecheck.gg\/da-dk#listItem","name":"Start"}}]},{"@type":"Organization","@id":"https:\/\/spielecheck.gg\/da-dk\/#organization","name":"SPIELECHECK","description":"Independent Gaming Magazin","url":"https:\/\/spielecheck.gg\/da-dk\/","email":"look@spielecheck.gg","logo":{"@type":"ImageObject","url":"https:\/\/spielecheck.gg\/wp-content\/uploads\/2024\/11\/spielecheck-logo-2024-01.png","@id":"https:\/\/spielecheck.gg\/da-dk\/aftryk\/#organizationLogo","width":1284,"height":232,"caption":"SPIELECHECK"},"image":{"@id":"https:\/\/spielecheck.gg\/da-dk\/aftryk\/#organizationLogo"},"sameAs":["https:\/\/www.facebook.com\/spielecheckgg\/","https:\/\/x.com\/SpieleCheckGG","https:\/\/www.instagram.com\/spielecheck","https:\/\/www.tiktok.com\/@spielecheckgg","https:\/\/www.youtube.com\/@spielecheckgg\/","https:\/\/www.linkedin.com\/company\/spielecheck\/","https:\/\/bsky.app\/profile\/spielecheck.bsky.social","https:\/\/www.threads.com\/@spielecheck"]},{"@type":"WebPage","@id":"https:\/\/spielecheck.gg\/da-dk\/aftryk\/#webpage","url":"https:\/\/spielecheck.gg\/da-dk\/aftryk\/","name":"Impressum","description":"ImpressumSPIELECHECK ist eine Unternehmung von 247kreativKontakt: Thomas Dittrich, Arendahls Hang 37, 45141 Essen, DeutschlandTel.: +49 171 \/ 2 88 98 09E-Mail: info@247kreativ.deUmsatzsteuer-Identifikationsnummer: DE361491237Verantwortliche\/r i.S.d. \u00a7 18 Abs. 2 MStV:Thomas DittrichZust\u00e4ndige Aufsichtsbeh\u00f6rde f\u00fcr das Angebot audiovisueller Mediendienste: Landesanstalt f\u00fcr Medien NRW, Zollhof 2, 40221 D\u00fcsseldorf, Deutschland","inLanguage":"da-DK","isPartOf":{"@id":"https:\/\/spielecheck.gg\/da-dk\/#website"},"breadcrumb":{"@id":"https:\/\/spielecheck.gg\/da-dk\/aftryk\/#breadcrumblist"},"datePublished":"2025-08-24T20:55:31+02:00","dateModified":"2025-08-24T20:58:51+02:00"},{"@type":"WebSite","@id":"https:\/\/spielecheck.gg\/da-dk\/#website","url":"https:\/\/spielecheck.gg\/da-dk\/","name":"SPIELECHECK","description":"Independent Gaming Magazin","inLanguage":"da-DK","publisher":{"@id":"https:\/\/spielecheck.gg\/da-dk\/#organization"}}]},"og:locale":"da_DK","og:site_name":"SPIELECHECK","og:type":"article","og:title":"Impressum","og:description":"ImpressumSPIELECHECK ist eine Unternehmung von 247kreativKontakt: Thomas Dittrich, Arendahls Hang 37, 45141 Essen, DeutschlandTel.: +49 171 \/ 2 88 98 09E-Mail: info@247kreativ.deUmsatzsteuer-Identifikationsnummer: DE361491237Verantwortliche\/r i.S.d. \u00a7 18 Abs. 2 MStV:Thomas DittrichZust\u00e4ndige Aufsichtsbeh\u00f6rde f\u00fcr das Angebot audiovisueller Mediendienste: Landesanstalt f\u00fcr Medien NRW, Zollhof 2, 40221 D\u00fcsseldorf, Deutschland","og:url":"https:\/\/spielecheck.gg\/da-dk\/aftryk\/","og:image":"https:\/\/spielecheck.gg\/wp-content\/uploads\/2024\/11\/seo-picture-spielecheck-01.webp","og:image:secure_url":"https:\/\/spielecheck.gg\/wp-content\/uploads\/2024\/11\/seo-picture-spielecheck-01.webp","og:image:width":1280,"og:image:height":720,"article:published_time":"2025-08-24T18:55:31+00:00","article:modified_time":"2025-08-24T18:58:51+00:00","article:publisher":"https:\/\/www.facebook.com\/spielecheckgg\/","article:author":"https:\/\/www.facebook.com\/31nf4ch70mmy.D3","twitter:card":"summary_large_image","twitter:site":"@SpieleCheckGG","twitter:title":"Impressum","twitter:description":"ImpressumSPIELECHECK ist eine Unternehmung von 247kreativKontakt: Thomas Dittrich, Arendahls Hang 37, 45141 Essen, DeutschlandTel.: +49 171 \/ 2 88 98 09E-Mail: info@247kreativ.deUmsatzsteuer-Identifikationsnummer: DE361491237Verantwortliche\/r i.S.d. \u00a7 18 Abs. 2 MStV:Thomas DittrichZust\u00e4ndige Aufsichtsbeh\u00f6rde f\u00fcr das Angebot audiovisueller Mediendienste: Landesanstalt f\u00fcr Medien NRW, Zollhof 2, 40221 D\u00fcsseldorf, Deutschland","twitter:creator":"@EinfachTommyDE","twitter:image":"https:\/\/spielecheck.gg\/wp-content\/uploads\/2024\/11\/seo-picture-spielecheck-01.webp","twitter:label1":"Written by","twitter:data1":"EinfachTommy"},"aioseo_meta_data":{"post_id":"16065","title":null,"description":null,"keywords":null,"keyphrases":{"focus":{"keyphrase":"","score":0,"analysis":{"keyphraseInTitle":{"score":0,"maxScore":9,"error":1}}},"additional":[]},"primary_term":null,"canonical_url":null,"og_title":null,"og_description":null,"og_object_type":"default","og_image_type":"default","og_image_url":null,"og_image_width":null,"og_image_height":null,"og_image_custom_url":null,"og_image_custom_fields":null,"og_video":"","og_custom_url":null,"og_article_section":null,"og_article_tags":null,"twitter_use_og":false,"twitter_card":"default","twitter_image_type":"default","twitter_image_url":null,"twitter_image_custom_url":null,"twitter_image_custom_fields":null,"twitter_title":null,"twitter_description":null,"schema":{"blockGraphs":[],"customGraphs":[],"default":{"data":{"Article":[],"Course":[],"Dataset":[],"FAQPage":[],"Movie":[],"Person":[],"Product":[],"ProductReview":[],"Car":[],"Recipe":[],"Service":[],"SoftwareApplication":[],"WebPage":[]},"graphName":"WebPage","isEnabled":true},"graphs":[]},"schema_type":"default","schema_type_options":null,"pillar_content":false,"robots_default":true,"robots_noindex":false,"robots_noarchive":false,"robots_nosnippet":false,"robots_nofollow":false,"robots_noimageindex":false,"robots_noodp":false,"robots_notranslate":false,"robots_max_snippet":"-1","robots_max_videopreview":"-1","robots_max_imagepreview":"large","priority":null,"frequency":"default","local_seo":null,"seo_analyzer_scan_date":"2025-10-08 21:21:47","breadcrumb_settings":null,"limit_modified_date":false,"reviewed_by":"0","open_ai":null,"ai":{"faqs":[],"keyPoints":[],"titles":[],"descriptions":[],"socialPosts":{"email":[],"linkedin":[],"twitter":[],"facebook":[],"instagram":[]}},"created":"2025-08-24 18:46:21","updated":"2025-10-21 20:38:00"},"aioseo_breadcrumb":"<div class=\"aioseo-breadcrumbs\"><span class=\"aioseo-breadcrumb\">\n\t<a href=\"https:\/\/spielecheck.gg\/da-dk\" title=\"Start\">Start<\/a>\n<\/span><span class=\"aioseo-breadcrumb-separator\">\u00bb<\/span><span class=\"aioseo-breadcrumb\">\n\t<a href=\"https:\/\/spielecheck.gg\/da-dk\/aftryk\/\" title=\"Impressum\">Impressum<\/a>\n<\/span><\/div>","aioseo_breadcrumb_json":[{"label":"Start","link":"https:\/\/spielecheck.gg\/da-dk"},{"label":"Impressum","link":"https:\/\/spielecheck.gg\/da-dk\/aftryk\/"}],"_links":{"self":[{"href":"https:\/\/spielecheck.gg\/da-dk\/wp-json\/wp\/v2\/pages\/16065","targetHints":{"allow":["GET"]}}],"collection":[{"href":"https:\/\/spielecheck.gg\/da-dk\/wp-json\/wp\/v2\/pages"}],"about":[{"href":"https:\/\/spielecheck.gg\/da-dk\/wp-json\/wp\/v2\/types\/page"}],"author":[{"embeddable":true,"href":"https:\/\/spielecheck.gg\/da-dk\/wp-json\/wp\/v2\/users\/2"}],"replies":[{"embeddable":true,"href":"https:\/\/spielecheck.gg\/da-dk\/wp-json\/wp\/v2\/comments?post=16065"}],"version-history":[{"count":0,"href":"https:\/\/spielecheck.gg\/da-dk\/wp-json\/wp\/v2\/pages\/16065\/revisions"}],"wp:attachment":[{"href":"https:\/\/spielecheck.gg\/da-dk\/wp-json\/wp\/v2\/media?parent=16065"}],"curies":[{"name":"wp","href":"https:\/\/api.w.org\/{rel}","templated":true}]}}