{"id":5868,"date":"2022-04-01T00:57:48","date_gmt":"2022-03-31T22:57:48","guid":{"rendered":"https:\/\/spielecheck.gg\/?page_id=5868"},"modified":"2023-07-10T22:37:57","modified_gmt":"2023-07-10T20:37:57","slug":"ansog-til-spielecheck-creative-minds-welcome","status":"publish","type":"page","link":"https:\/\/spielecheck.gg\/da-dk\/ansog-til-spielecheck-creative-minds-welcome\/","title":{"rendered":"Ans\u00f8g til SpieleCheck \u2605 Kreative hjerner er velkomne"},"content":{"rendered":"<p><b>SpieleCheck er et uafh\u00e6ngigt tysk spilmagasin, som er p\u00e5 vej til at blive et stort brand p\u00e5 spilscenen. Vi \u00f8nsker at forene gamere, entusiaster af alle spilgenrer, n\u00f8rder, freaks, uanset hvilken rolle du spiller. <\/b><strong>Kort sagt: SpieleCheck er et multiplayer-format!<\/strong><\/p>\n<p>G\u00e6steforfattere og g\u00e6stebidrag er velkomne! - Til en f\u00e6lles erobring af spilnyhedsverdenen.<\/p>\n<h2>Ans\u00f8g som redakt\u00f8r hos SpieleCheck<\/h2>\n<p>Vi leder efter engagerede, passionerede skribenter, der har selvtillid til at arbejde som redakt\u00f8rer, eller som kan lide at skrive artikler og gerne vil have noget erfaring.<\/p>\n<p>Kravene hos SpieleCheck er, at du har en grundl\u00e6ggende interesse for redaktionelt arbejde og kan lide at skrive - men du skal v\u00e6re fortrolig med stavning og s\u00e6tningsopbygning. Mange t\u00f8r ikke ans\u00f8ge, fordi de ikke tror, at de er egnede. Fat mod, der er ikke noget, der er \"forkert\" hos os! Gensidig hj\u00e6lp og kritik samt p\u00e5sk\u00f8nnelse af det udf\u00f8rte arbejde er meget vigtigt her.<\/p>\n<p><a href=\"mailto:look@spielecheck.gg\">Ans\u00f8g nu!<\/a> - Ganske enkelt med 2-3 l\u00e6sepr\u00f8ver eller referencer.<\/p>\n<p>Har du ingen l\u00e6sepr\u00f8ver? Skriv en artikel p\u00e5 mindst 250 ord om et emne efter eget valg.<\/p>\n<p><em><strong>Mulige artikler er f.eks: <\/strong><\/em><a href=\"https:\/\/spielecheck.gg\/da-dk\/kategori\/spil\/\">Spil<\/a> (spilpr\u00e6sentationer, sammenligninger, anmeldelser), (gaming) computerteknologi, teknologisammenligninger, <a href=\"https:\/\/spielecheck.gg\/da-dk\/kategori\/underholdning\/\">Underholdning<\/a> (f.eks. podcasts, film\/kortfilm, musik)<br \/>\n<em><strong>Ikke \u00f8nsket:<\/strong> <\/em>Artikler om gambling \/ lotterier \/ onlinekasinoer \/ pornografi \/ politik \/ religion<\/p>\n<p>Det vigtigste er at v\u00e6re sig selv, v\u00e6re \u00e6rlig, v\u00e6re kreativ.<\/p>\n<h2>Det kan du forvente hos SpieleCheck<\/h2>\n<ul class=\"penci_list_shortcode penci_list-starlist\">\n<li>Afslappet atmosf\u00e6re<\/li>\n<li>L\u00f8st hierarki<\/li>\n<li>Fleksibilitet, privatliv og arbejdsliv prioriteres<\/li>\n<li>Lejlighedsvise m\u00f8der, n\u00e5r det er muligt, herunder p\u00e5 messer som Gamescom.<\/li>\n<\/ul>\n<p><strong>Hvad du tager med dig:<\/strong><\/p>\n<ul class=\"penci_list_shortcode penci_list-starlist\">\n<li>\u00c6rlig interesse for ovenn\u00e6vnte emner\/fagomr\u00e5der<\/li>\n<li>Godt kendskab til tysk, god grammatik<\/li>\n<li>Engelsk i skrift og tale (til engelsksproget forskning)<\/li>\n<li>Kritiske evner<\/li>\n<li>Villighed til at l\u00e6re<\/li>\n<li>Tid til ordentlig research med efterf\u00f8lgende oprettelse af artikler<\/li>\n<li>Internetadgang<\/li>\n<li>Fleksibilitet med eksterne emner<\/li>\n<li>Gl\u00e6deligt at se: En vis politisk interesse<\/li>\n<\/ul>\n<p><strong>Dine opgaver:<\/strong><\/p>\n<ul class=\"penci_list_shortcode penci_list-starlist\">\n<li>Rapportering\/oprettelse af artikler om ovenn\u00e6vnte emner<\/li>\n<li>mindst 1 indl\u00e6g\/artikel om m\u00e5neden<\/li>\n<li>Orientering mod magasinets generelle stil<\/li>\n<li>Oprettelse af anmeldelser baseret p\u00e5 egne spil og sponsorerede spil (chance for at vinde spiln\u00f8gler)<\/li>\n<li>Deltagelse i f\u00e6lles redaktionsm\u00f8der via Discord<\/li>\n<li>Valgfrit: Indtastning af artiklerne i WordPress, inkl. besk\u00e6ring, optimering og upload af indl\u00e6gsbilleder<\/li>\n<\/ul>\n<h2>Er du seri\u00f8s? Bevis det gennem p\u00e5lidelighed og aktivitet.<\/h2>\n<p>SpieleCheck er i \u00f8jeblikket en rent subsidieret virksomhed. Selvom der genereres \u00f8konomiske indt\u00e6gter, kanaliseres disse til den l\u00f8bende drift af hjemmesiden og de tilknyttede tjenester. <a href=\"http:\/\/link.spielecheck.gg\" target=\"_blank\" rel=\"noopener\">Kanaler<\/a>. Alle ans\u00f8gere skal derfor v\u00e6re opm\u00e6rksomme p\u00e5, at der ikke vil blive betalt for bidrag i form af artikler og audiovisuelle medier i en overskuelig fremtid.<\/p>\n<p>Vi driver magasinet som en professionel hobby med det m\u00e5l at blive et stort brand i spilverdenen.<\/p>\n<p>Med flid og kreativitet kan vi arbejde sammen p\u00e5 en fremtidsorienteret m\u00e5de og skabe et magasin, der er v\u00e6rd at se og l\u00e6se!<\/p>\n<p>Vi gl\u00e6der os til at modtage din ans\u00f8gning! Send blot en e-mail til <a href=\"mailto:look@spielecheck.gg\">look@spielecheck.gg<\/a> - Ganske enkelt med to eller tre l\u00e6sepr\u00f8ver eller referencer.<\/p>","protected":false},"excerpt":{"rendered":"<p>SpieleCheck ist ein deutsches Independent Gaming Magazin und ist auf dem Weg eine bedeutende Marke in der Gaming-Szene zu werden. Wir m\u00f6chten Gamer, Liebhaber aller Spielegenre, Nerds, Freaks, welche Rolle auch immer ihr einnehmt, vereinen. Kurzum: SpieleCheck ist ein Multiplayer-Format! Gast-Autoren und Gastbeitr\u00e4ge welcome! \u2013 F\u00fcr eine gemeinsame Eroberung der Gaming-News-Welt. Bewirb dich als Redakteur\/in [&hellip;]<\/p>\n","protected":false},"author":2,"featured_media":2207,"parent":0,"menu_order":0,"comment_status":"closed","ping_status":"closed","template":"","meta":{"_acf_changed":false,"footnotes":""},"class_list":["post-5868","page","type-page","status-publish","has-post-thumbnail","hentry"],"acf":[],"aioseo_notices":[],"essb_shorturl_ssu":"https:\/\/spielecheck.gg\/kUqSJuD","hashtags_social_media":null,"_hashtags_social_media":null,"instagram_carousel_01_feature_url":null,"_instagram_carousel_01_feature_url":null,"instagram_carousel_02_url":null,"_instagram_carousel_02_url":null,"instagram_carousel_03_url":null,"_instagram_carousel_03_url":null,"instagram_carousel_04_url":null,"_instagram_carousel_04_url":null,"Instagram_User":null,"_Instagram_User":null,"X_User":null,"_X_User":null,"Facebook_User":null,"_Facebook_User":null,"werbung_hinweis_social_media":null,"_werbung_hinweis_social_media":null,"auto_share_make_com":null,"_auto_share_make_com":null,"wp-worthy-pixel":{"ignored":false,"public":null,"server":null,"url":null},"wp-worthy-type":"normal","aioseo_head":"\n\t\t<!-- All in One SEO Pro 4.9.5.2 - aioseo.com -->\n\t<meta name=\"description\" content=\"F\u00fcr eine gemeinsame Eroberung der Gaming-Welt. SpieleCheck ist ein deutsches Inpependent Blog-Magazin, auf dem Weg eine bedeutende Gaming-Marke zu werden.\" \/>\n\t<meta name=\"robots\" content=\"max-image-preview:large\" \/>\n\t<meta name=\"google-site-verification\" content=\"vd9Fp4EPjxdabCEJreHeRT6FIgd7FLeKQsQt0qUR-AA\" \/>\n\t<meta name=\"p:domain_verify\" content=\"0549fc0b792c03b59db142166b471c53\" \/>\n\t<link rel=\"canonical\" href=\"https:\/\/spielecheck.gg\/da-dk\/ansog-til-spielecheck-creative-minds-welcome\/\" \/>\n\t<meta name=\"generator\" content=\"All in One SEO Pro (AIOSEO) 4.9.5.2\" \/>\n\t\t<meta property=\"og:locale\" content=\"da_DK\" \/>\n\t\t<meta property=\"og:site_name\" content=\"SPIELECHECK\" \/>\n\t\t<meta property=\"og:type\" content=\"article\" \/>\n\t\t<meta property=\"og:title\" content=\"Bewirb Dich bei SpieleCheck \u2605 Kreative K\u00f6pfe willkommen\" \/>\n\t\t<meta property=\"og:description\" content=\"F\u00fcr eine gemeinsame Eroberung der Gaming-Welt. SpieleCheck ist ein deutsches Inpependent Blog-Magazin, auf dem Weg eine bedeutende Gaming-Marke zu werden.\" \/>\n\t\t<meta property=\"og:url\" content=\"https:\/\/spielecheck.gg\/da-dk\/ansog-til-spielecheck-creative-minds-welcome\/\" \/>\n\t\t<meta property=\"og:image\" content=\"https:\/\/spielecheck.gg\/wp-content\/uploads\/2021\/06\/Return-of-the-Tentacle-03.jpg\" \/>\n\t\t<meta property=\"og:image:secure_url\" content=\"https:\/\/spielecheck.gg\/wp-content\/uploads\/2021\/06\/Return-of-the-Tentacle-03.jpg\" \/>\n\t\t<meta property=\"og:image:width\" content=\"1280\" \/>\n\t\t<meta property=\"og:image:height\" content=\"720\" \/>\n\t\t<meta property=\"article:published_time\" content=\"2022-03-31T22:57:48+00:00\" \/>\n\t\t<meta property=\"article:modified_time\" content=\"2023-07-10T20:37:57+00:00\" \/>\n\t\t<meta property=\"article:publisher\" content=\"https:\/\/www.facebook.com\/spielecheckgg\/\" \/>\n\t\t<meta property=\"article:author\" content=\"https:\/\/www.facebook.com\/31nf4ch70mmy.D3\" \/>\n\t\t<meta name=\"twitter:card\" content=\"summary_large_image\" \/>\n\t\t<meta name=\"twitter:site\" content=\"@SpieleCheckGG\" \/>\n\t\t<meta name=\"twitter:title\" content=\"Bewirb Dich bei SpieleCheck \u2605 Kreative K\u00f6pfe willkommen\" \/>\n\t\t<meta name=\"twitter:description\" content=\"F\u00fcr eine gemeinsame Eroberung der Gaming-Welt. SpieleCheck ist ein deutsches Inpependent Blog-Magazin, auf dem Weg eine bedeutende Gaming-Marke zu werden.\" \/>\n\t\t<meta name=\"twitter:creator\" content=\"@EinfachTommyDE\" \/>\n\t\t<meta name=\"twitter:image\" content=\"https:\/\/spielecheck.gg\/wp-content\/uploads\/2021\/06\/Return-of-the-Tentacle-03.jpg\" \/>\n\t\t<meta name=\"twitter:label1\" content=\"Written by\" \/>\n\t\t<meta name=\"twitter:data1\" content=\"EinfachTommy\" \/>\n\t\t<meta name=\"twitter:label2\" content=\"Est. reading time\" \/>\n\t\t<meta name=\"twitter:data2\" content=\"2 minutes\" \/>\n\t\t<script type=\"application\/ld+json\" class=\"aioseo-schema\">\n\t\t\t{\"@context\":\"https:\\\/\\\/schema.org\",\"@graph\":[{\"@type\":\"BreadcrumbList\",\"@id\":\"https:\\\/\\\/spielecheck.gg\\\/da-dk\\\/ansog-til-spielecheck-creative-minds-welcome\\\/#breadcrumblist\",\"itemListElement\":[{\"@type\":\"ListItem\",\"@id\":\"https:\\\/\\\/spielecheck.gg\\\/da-dk#listItem\",\"position\":1,\"name\":\"Start\",\"item\":\"https:\\\/\\\/spielecheck.gg\\\/da-dk\",\"nextItem\":{\"@type\":\"ListItem\",\"@id\":\"https:\\\/\\\/spielecheck.gg\\\/da-dk\\\/ansog-til-spielecheck-creative-minds-welcome\\\/#listItem\",\"name\":\"Bewirb Dich bei SpieleCheck \\u2605 Kreative K\\u00f6pfe willkommen\"}},{\"@type\":\"ListItem\",\"@id\":\"https:\\\/\\\/spielecheck.gg\\\/da-dk\\\/ansog-til-spielecheck-creative-minds-welcome\\\/#listItem\",\"position\":2,\"name\":\"Bewirb Dich bei SpieleCheck \\u2605 Kreative K\\u00f6pfe willkommen\",\"previousItem\":{\"@type\":\"ListItem\",\"@id\":\"https:\\\/\\\/spielecheck.gg\\\/da-dk#listItem\",\"name\":\"Start\"}}]},{\"@type\":\"Organization\",\"@id\":\"https:\\\/\\\/spielecheck.gg\\\/da-dk\\\/#organization\",\"name\":\"SPIELECHECK\",\"description\":\"Independent Gaming Magazin\",\"url\":\"https:\\\/\\\/spielecheck.gg\\\/da-dk\\\/\",\"email\":\"look@spielecheck.gg\",\"logo\":{\"@type\":\"ImageObject\",\"url\":\"https:\\\/\\\/spielecheck.gg\\\/wp-content\\\/uploads\\\/2024\\\/11\\\/spielecheck-logo-2024-01.png\",\"@id\":\"https:\\\/\\\/spielecheck.gg\\\/da-dk\\\/ansog-til-spielecheck-creative-minds-welcome\\\/#organizationLogo\",\"width\":1284,\"height\":232,\"caption\":\"SPIELECHECK\"},\"image\":{\"@id\":\"https:\\\/\\\/spielecheck.gg\\\/da-dk\\\/ansog-til-spielecheck-creative-minds-welcome\\\/#organizationLogo\"},\"sameAs\":[\"https:\\\/\\\/www.facebook.com\\\/spielecheckgg\\\/\",\"https:\\\/\\\/x.com\\\/SpieleCheckGG\",\"https:\\\/\\\/www.instagram.com\\\/spielecheck\",\"https:\\\/\\\/www.tiktok.com\\\/@spielecheckgg\",\"https:\\\/\\\/www.youtube.com\\\/@spielecheckgg\\\/\",\"https:\\\/\\\/www.linkedin.com\\\/company\\\/spielecheck\\\/\",\"https:\\\/\\\/bsky.app\\\/profile\\\/spielecheck.bsky.social\",\"https:\\\/\\\/www.threads.com\\\/@spielecheck\"]},{\"@type\":\"WebPage\",\"@id\":\"https:\\\/\\\/spielecheck.gg\\\/da-dk\\\/ansog-til-spielecheck-creative-minds-welcome\\\/#webpage\",\"url\":\"https:\\\/\\\/spielecheck.gg\\\/da-dk\\\/ansog-til-spielecheck-creative-minds-welcome\\\/\",\"name\":\"Bewirb Dich bei SpieleCheck \\u2605 Kreative K\\u00f6pfe willkommen\",\"description\":\"F\\u00fcr eine gemeinsame Eroberung der Gaming-Welt. SpieleCheck ist ein deutsches Inpependent Blog-Magazin, auf dem Weg eine bedeutende Gaming-Marke zu werden.\",\"inLanguage\":\"da-DK\",\"isPartOf\":{\"@id\":\"https:\\\/\\\/spielecheck.gg\\\/da-dk\\\/#website\"},\"breadcrumb\":{\"@id\":\"https:\\\/\\\/spielecheck.gg\\\/da-dk\\\/ansog-til-spielecheck-creative-minds-welcome\\\/#breadcrumblist\"},\"image\":{\"@type\":\"ImageObject\",\"url\":\"https:\\\/\\\/spielecheck.gg\\\/wp-content\\\/uploads\\\/2021\\\/06\\\/Return-of-the-Tentacle-03.jpg\",\"@id\":\"https:\\\/\\\/spielecheck.gg\\\/da-dk\\\/ansog-til-spielecheck-creative-minds-welcome\\\/#mainImage\",\"width\":1280,\"height\":720,\"caption\":\"Return of the Tentacle\"},\"primaryImageOfPage\":{\"@id\":\"https:\\\/\\\/spielecheck.gg\\\/da-dk\\\/ansog-til-spielecheck-creative-minds-welcome\\\/#mainImage\"},\"datePublished\":\"2022-04-01T00:57:48+02:00\",\"dateModified\":\"2023-07-10T22:37:57+02:00\"},{\"@type\":\"WebSite\",\"@id\":\"https:\\\/\\\/spielecheck.gg\\\/da-dk\\\/#website\",\"url\":\"https:\\\/\\\/spielecheck.gg\\\/da-dk\\\/\",\"name\":\"SPIELECHECK\",\"description\":\"Independent Gaming Magazin\",\"inLanguage\":\"da-DK\",\"publisher\":{\"@id\":\"https:\\\/\\\/spielecheck.gg\\\/da-dk\\\/#organization\"}}]}\n\t\t<\/script>\n\t\t<!-- All in One SEO Pro -->\r\n\t\t<title>Bewirb Dich bei SpieleCheck \u2605 Kreative K\u00f6pfe willkommen<\/title>\n\n","aioseo_head_json":{"title":"Ans\u00f8g til SpieleCheck \u2605 Kreative hjerner er velkomne","description":"For en f\u00e6lles erobring af spilverdenen. SpieleCheck er et tysk uafh\u00e6ngigt blogmagasin p\u00e5 vej til at blive et stort gaming-brand.","canonical_url":"https:\/\/spielecheck.gg\/da-dk\/ansog-til-spielecheck-creative-minds-welcome\/","robots":"max-image-preview:large","keywords":"","webmasterTools":{"google-site-verification":"vd9Fp4EPjxdabCEJreHeRT6FIgd7FLeKQsQt0qUR-AA","p:domain_verify":"0549fc0b792c03b59db142166b471c53","miscellaneous":""},"schema":{"@context":"https:\/\/schema.org","@graph":[{"@type":"BreadcrumbList","@id":"https:\/\/spielecheck.gg\/da-dk\/ansog-til-spielecheck-creative-minds-welcome\/#breadcrumblist","itemListElement":[{"@type":"ListItem","@id":"https:\/\/spielecheck.gg\/da-dk#listItem","position":1,"name":"Start","item":"https:\/\/spielecheck.gg\/da-dk","nextItem":{"@type":"ListItem","@id":"https:\/\/spielecheck.gg\/da-dk\/ansog-til-spielecheck-creative-minds-welcome\/#listItem","name":"Bewirb Dich bei SpieleCheck \u2605 Kreative K\u00f6pfe willkommen"}},{"@type":"ListItem","@id":"https:\/\/spielecheck.gg\/da-dk\/ansog-til-spielecheck-creative-minds-welcome\/#listItem","position":2,"name":"Bewirb Dich bei SpieleCheck \u2605 Kreative K\u00f6pfe willkommen","previousItem":{"@type":"ListItem","@id":"https:\/\/spielecheck.gg\/da-dk#listItem","name":"Start"}}]},{"@type":"Organization","@id":"https:\/\/spielecheck.gg\/da-dk\/#organization","name":"SPIELECHECK","description":"Independent Gaming Magazin","url":"https:\/\/spielecheck.gg\/da-dk\/","email":"look@spielecheck.gg","logo":{"@type":"ImageObject","url":"https:\/\/spielecheck.gg\/wp-content\/uploads\/2024\/11\/spielecheck-logo-2024-01.png","@id":"https:\/\/spielecheck.gg\/da-dk\/ansog-til-spielecheck-creative-minds-welcome\/#organizationLogo","width":1284,"height":232,"caption":"SPIELECHECK"},"image":{"@id":"https:\/\/spielecheck.gg\/da-dk\/ansog-til-spielecheck-creative-minds-welcome\/#organizationLogo"},"sameAs":["https:\/\/www.facebook.com\/spielecheckgg\/","https:\/\/x.com\/SpieleCheckGG","https:\/\/www.instagram.com\/spielecheck","https:\/\/www.tiktok.com\/@spielecheckgg","https:\/\/www.youtube.com\/@spielecheckgg\/","https:\/\/www.linkedin.com\/company\/spielecheck\/","https:\/\/bsky.app\/profile\/spielecheck.bsky.social","https:\/\/www.threads.com\/@spielecheck"]},{"@type":"WebPage","@id":"https:\/\/spielecheck.gg\/da-dk\/ansog-til-spielecheck-creative-minds-welcome\/#webpage","url":"https:\/\/spielecheck.gg\/da-dk\/ansog-til-spielecheck-creative-minds-welcome\/","name":"Bewirb Dich bei SpieleCheck \u2605 Kreative K\u00f6pfe willkommen","description":"F\u00fcr eine gemeinsame Eroberung der Gaming-Welt. SpieleCheck ist ein deutsches Inpependent Blog-Magazin, auf dem Weg eine bedeutende Gaming-Marke zu werden.","inLanguage":"da-DK","isPartOf":{"@id":"https:\/\/spielecheck.gg\/da-dk\/#website"},"breadcrumb":{"@id":"https:\/\/spielecheck.gg\/da-dk\/ansog-til-spielecheck-creative-minds-welcome\/#breadcrumblist"},"image":{"@type":"ImageObject","url":"https:\/\/spielecheck.gg\/wp-content\/uploads\/2021\/06\/Return-of-the-Tentacle-03.jpg","@id":"https:\/\/spielecheck.gg\/da-dk\/ansog-til-spielecheck-creative-minds-welcome\/#mainImage","width":1280,"height":720,"caption":"Return of the Tentacle"},"primaryImageOfPage":{"@id":"https:\/\/spielecheck.gg\/da-dk\/ansog-til-spielecheck-creative-minds-welcome\/#mainImage"},"datePublished":"2022-04-01T00:57:48+02:00","dateModified":"2023-07-10T22:37:57+02:00"},{"@type":"WebSite","@id":"https:\/\/spielecheck.gg\/da-dk\/#website","url":"https:\/\/spielecheck.gg\/da-dk\/","name":"SPIELECHECK","description":"Independent Gaming Magazin","inLanguage":"da-DK","publisher":{"@id":"https:\/\/spielecheck.gg\/da-dk\/#organization"}}]},"og:locale":"da_DK","og:site_name":"SPIELECHECK","og:type":"article","og:title":"Bewirb Dich bei SpieleCheck \u2605 Kreative K\u00f6pfe willkommen","og:description":"F\u00fcr eine gemeinsame Eroberung der Gaming-Welt. SpieleCheck ist ein deutsches Inpependent Blog-Magazin, auf dem Weg eine bedeutende Gaming-Marke zu werden.","og:url":"https:\/\/spielecheck.gg\/da-dk\/ansog-til-spielecheck-creative-minds-welcome\/","og:image":"https:\/\/spielecheck.gg\/wp-content\/uploads\/2021\/06\/Return-of-the-Tentacle-03.jpg","og:image:secure_url":"https:\/\/spielecheck.gg\/wp-content\/uploads\/2021\/06\/Return-of-the-Tentacle-03.jpg","og:image:width":1280,"og:image:height":720,"article:published_time":"2022-03-31T22:57:48+00:00","article:modified_time":"2023-07-10T20:37:57+00:00","article:publisher":"https:\/\/www.facebook.com\/spielecheckgg\/","article:author":"https:\/\/www.facebook.com\/31nf4ch70mmy.D3","twitter:card":"summary_large_image","twitter:site":"@SpieleCheckGG","twitter:title":"Bewirb Dich bei SpieleCheck \u2605 Kreative K\u00f6pfe willkommen","twitter:description":"F\u00fcr eine gemeinsame Eroberung der Gaming-Welt. SpieleCheck ist ein deutsches Inpependent Blog-Magazin, auf dem Weg eine bedeutende Gaming-Marke zu werden.","twitter:creator":"@EinfachTommyDE","twitter:image":"https:\/\/spielecheck.gg\/wp-content\/uploads\/2021\/06\/Return-of-the-Tentacle-03.jpg","twitter:label1":"Written by","twitter:data1":"EinfachTommy","twitter:label2":"Est. reading time","twitter:data2":"2 minutes"},"aioseo_meta_data":{"post_id":"5868","title":null,"description":"For en f\u00e6lles erobring af spilverdenen. SpieleCheck er et tysk uafh\u00e6ngigt blogmagasin p\u00e5 vej til at blive et stort gaming-brand.","keywords":[],"keyphrases":{"focus":{"keyphrase":"SpieleCheck","score":100,"analysis":{"keyphraseInTitle":{"score":9,"maxScore":9,"error":0},"keyphraseInDescription":{"score":9,"maxScore":9,"error":0},"keyphraseLength":{"score":9,"maxScore":9,"error":0,"length":1},"keyphraseInURL":{"score":5,"maxScore":5,"error":0},"keyphraseInIntroduction":{"score":9,"maxScore":9,"error":0},"keyphraseInSubHeadings":{"score":9,"maxScore":9,"error":0},"keyphraseInImageAlt":[]}},"additional":[]},"primary_term":null,"canonical_url":null,"og_title":"#post_title","og_description":"F\u00fcr eine gemeinsame Eroberung der Gaming-Welt. SpieleCheck ist ein deutsches Inpependent Blog-Magazin, auf dem Weg eine bedeutende Gaming-Marke zu werden.","og_object_type":"default","og_image_type":"default","og_image_url":null,"og_image_width":null,"og_image_height":null,"og_image_custom_url":null,"og_image_custom_fields":null,"og_video":"","og_custom_url":null,"og_article_section":null,"og_article_tags":[],"twitter_use_og":false,"twitter_card":"default","twitter_image_type":"default","twitter_image_url":null,"twitter_image_custom_url":null,"twitter_image_custom_fields":null,"twitter_title":"#post_title","twitter_description":"F\u00fcr eine gemeinsame Eroberung der Gaming-Welt. SpieleCheck ist ein deutsches Inpependent Blog-Magazin, auf dem Weg eine bedeutende Gaming-Marke zu werden.","schema":{"blockGraphs":[],"customGraphs":[],"default":{"data":{"Article":[],"Course":[],"Dataset":[],"FAQPage":[],"Movie":[],"Person":[],"Product":[],"ProductReview":[],"Car":[],"Recipe":[],"Service":[],"SoftwareApplication":[],"WebPage":[]},"graphName":"WebPage","isEnabled":true},"graphs":[]},"schema_type":"default","schema_type_options":null,"pillar_content":false,"robots_default":true,"robots_noindex":false,"robots_noarchive":false,"robots_nosnippet":false,"robots_nofollow":false,"robots_noimageindex":false,"robots_noodp":false,"robots_notranslate":false,"robots_max_snippet":"-1","robots_max_videopreview":"-1","robots_max_imagepreview":"large","priority":null,"frequency":"default","local_seo":null,"seo_analyzer_scan_date":"2025-10-08 21:19:45","breadcrumb_settings":null,"limit_modified_date":false,"reviewed_by":null,"open_ai":"{\"title\":{\"suggestions\":[],\"usage\":0},\"description\":{\"suggestions\":[],\"usage\":0}}","ai":null,"created":"2022-11-19 20:20:41","updated":"2025-10-21 20:38:00"},"aioseo_breadcrumb":"<div class=\"aioseo-breadcrumbs\"><span class=\"aioseo-breadcrumb\">\n\t<a href=\"https:\/\/spielecheck.gg\/da-dk\" title=\"Start\">Start<\/a>\n<\/span><span class=\"aioseo-breadcrumb-separator\">\u00bb<\/span><span class=\"aioseo-breadcrumb\">\n\t<a href=\"https:\/\/spielecheck.gg\/da-dk\/ansog-til-spielecheck-creative-minds-welcome\/\" title=\"Bewirb Dich bei SpieleCheck \u2605 Kreative K\u00f6pfe willkommen\">Bewirb Dich bei SpieleCheck \u2605 Kreative K\u00f6pfe willkommen<\/a>\n<\/span><\/div>","aioseo_breadcrumb_json":[{"label":"Start","link":"https:\/\/spielecheck.gg\/da-dk"},{"label":"Bewirb Dich bei SpieleCheck \u2605 Kreative K\u00f6pfe willkommen","link":"https:\/\/spielecheck.gg\/da-dk\/ansog-til-spielecheck-creative-minds-welcome\/"}],"_links":{"self":[{"href":"https:\/\/spielecheck.gg\/da-dk\/wp-json\/wp\/v2\/pages\/5868","targetHints":{"allow":["GET"]}}],"collection":[{"href":"https:\/\/spielecheck.gg\/da-dk\/wp-json\/wp\/v2\/pages"}],"about":[{"href":"https:\/\/spielecheck.gg\/da-dk\/wp-json\/wp\/v2\/types\/page"}],"author":[{"embeddable":true,"href":"https:\/\/spielecheck.gg\/da-dk\/wp-json\/wp\/v2\/users\/2"}],"replies":[{"embeddable":true,"href":"https:\/\/spielecheck.gg\/da-dk\/wp-json\/wp\/v2\/comments?post=5868"}],"version-history":[{"count":0,"href":"https:\/\/spielecheck.gg\/da-dk\/wp-json\/wp\/v2\/pages\/5868\/revisions"}],"wp:featuredmedia":[{"embeddable":true,"href":"https:\/\/spielecheck.gg\/da-dk\/wp-json\/wp\/v2\/media\/2207"}],"wp:attachment":[{"href":"https:\/\/spielecheck.gg\/da-dk\/wp-json\/wp\/v2\/media?parent=5868"}],"curies":[{"name":"wp","href":"https:\/\/api.w.org\/{rel}","templated":true}]}}