{"id":5868,"date":"2022-04-01T00:57:48","date_gmt":"2022-03-31T22:57:48","guid":{"rendered":"https:\/\/spielecheck.gg\/?page_id=5868"},"modified":"2023-07-10T22:37:57","modified_gmt":"2023-07-10T20:37:57","slug":"inscribete-en-spielecheck-creative-minds-welcome","status":"publish","type":"page","link":"https:\/\/spielecheck.gg\/es-es\/inscribete-en-spielecheck-creative-minds-welcome\/","title":{"rendered":"Aplicar a SpieleCheck \u2605 Mentes creativas bienvenidas"},"content":{"rendered":"<p><b>SpieleCheck es una revista de videojuegos independiente alemana y va camino de convertirse en una marca importante en la escena de los videojuegos. Queremos unir a jugadores, entusiastas de todos los g\u00e9neros de juego, empollones, frikis, sea cual sea tu papel. <\/b><strong>En resumen: \u00a1SpieleCheck es un formato multijugador!<\/strong><\/p>\n<p>Autores invitados y contribuciones de invitados, \u00a1bienvenidos! - A la conquista conjunta del mundo de las noticias sobre videojuegos.<\/p>\n<h2>Solicita un puesto de redactor en SpieleCheck<\/h2>\n<p>Buscamos redactores comprometidos y apasionados que tengan la confianza necesaria para trabajar como redactores o que disfruten escribiendo art\u00edculos y deseen adquirir cierta experiencia.<\/p>\n<p>Los requisitos de SpieleCheck son tener un inter\u00e9s b\u00e1sico por el trabajo editorial y disfrutar escribiendo, pero debes estar familiarizado con la ortograf\u00eda y la estructura de las frases. Muchas personas no se atreven a presentar su solicitud porque creen que no son aptas. An\u00edmese, entre nosotros no existe el \"mal\". La ayuda mutua y la cr\u00edtica, as\u00ed como la valoraci\u00f3n del trabajo realizado, son muy importantes aqu\u00ed.<\/p>\n<p><a href=\"mailto:look@spielecheck.gg\">\u00a1Inscr\u00edbete ya!<\/a> - Simplemente con 2-3 muestras de lectura o referencias.<\/p>\n<p>\u00bfNo tienes muestras de lectura? Escribe un art\u00edculo de al menos 250 palabras sobre un tema de tu elecci\u00f3n.<\/p>\n<p><em><strong>Los posibles art\u00edculos son, por ejemplo <\/strong><\/em><a href=\"https:\/\/spielecheck.gg\/es-es\/categoria\/juegos\/\">Juegos<\/a> (presentaciones de juegos, comparaciones, rese\u00f1as), tecnolog\u00eda inform\u00e1tica (juegos), comparaciones tecnol\u00f3gicas, <a href=\"https:\/\/spielecheck.gg\/es-es\/categoria\/entretenimiento\/\">Entretenimiento<\/a> (por ejemplo, podcasts, pel\u00edculas \/ cortometrajes, m\u00fasica)<br \/>\n<em><strong>No se desea:<\/strong> <\/em>Art\u00edculos sobre juegos de azar \/ loter\u00edas \/ casinos en l\u00ednea \/ pornograf\u00eda \/ pol\u00edtica \/ religi\u00f3n<\/p>\n<p>Lo importante es ser uno mismo, ser honesto, ser creativo.<\/p>\n<h2>Puede esperar en SpieleCheck<\/h2>\n<ul class=\"penci_list_shortcode penci_list-starlist\">\n<li>Ambiente relajado<\/li>\n<li>Jerarqu\u00eda flexible<\/li>\n<li>Flexibilidad y prioridad a la vida privada y profesional<\/li>\n<li>Reuniones ocasionales cuando sea posible, incluso en ferias como Gamescom.<\/li>\n<\/ul>\n<p><strong>Lo que llevas contigo:<\/strong><\/p>\n<ul class=\"penci_list_shortcode penci_list-starlist\">\n<li>Inter\u00e9s sincero en los temas \/ \u00e1reas tem\u00e1ticas mencionados anteriormente<\/li>\n<li>Buenos conocimientos de alem\u00e1n, buena gram\u00e1tica<\/li>\n<li>Ingl\u00e9s escrito y hablado (para la investigaci\u00f3n en lengua inglesa)<\/li>\n<li>Facultades cr\u00edticas<\/li>\n<li>Voluntad de aprender<\/li>\n<li>Tiempo para una investigaci\u00f3n adecuada con la consiguiente creaci\u00f3n de art\u00edculos<\/li>\n<li>Acceso a Internet<\/li>\n<li>Flexibilidad con temas externos<\/li>\n<li>Visto con agrado: Cierto inter\u00e9s pol\u00edtico<\/li>\n<\/ul>\n<p><strong>Tus tareas:<\/strong><\/p>\n<ul class=\"penci_list_shortcode penci_list-starlist\">\n<li>Elaboraci\u00f3n de informes\/art\u00edculos sobre los temas mencionados<\/li>\n<li>al menos 1 post \/ art\u00edculo al mes<\/li>\n<li>Orientaci\u00f3n hacia el estilo general de la revista<\/li>\n<li>Creaci\u00f3n de rese\u00f1as basadas en juegos propios y patrocinados (posibilidad de ganar claves de juego)<\/li>\n<li>Participaci\u00f3n en reuniones editoriales conjuntas a trav\u00e9s de Discord<\/li>\n<li>Opcional: Introducci\u00f3n de los art\u00edculos en WordPress, incluido el recorte, la optimizaci\u00f3n y la carga de las im\u00e1genes de las entradas.<\/li>\n<\/ul>\n<h2>\u00bfEs usted serio? Demu\u00e9strelo con fiabilidad y actividad.<\/h2>\n<p>SpieleCheck es actualmente un negocio puramente subvencionado. Aunque se generan ingresos financieros, estos se canalizan hacia el funcionamiento continuo del sitio web y los servicios asociados. <a href=\"http:\/\/link.spielecheck.gg\" target=\"_blank\" rel=\"noopener\">Canales<\/a>. Por lo tanto, todos los solicitantes deben ser conscientes de que no habr\u00e1 remuneraci\u00f3n por las contribuciones en forma de art\u00edculos y medios audiovisuales en un futuro previsible.<\/p>\n<p>Dirigimos la revista como un hobby profesional con el objetivo de convertirnos en una marca importante en la escena de los juegos.<\/p>\n<p>Con diligencia y creatividad, podemos trabajar juntos de cara al futuro y crear una revista que merezca la pena ver y leer.<\/p>\n<p>Estamos deseando recibir su solicitud. Env\u00ede un correo electr\u00f3nico a <a href=\"mailto:look@spielecheck.gg\">look@spielecheck.gg<\/a> - Simplemente con dos o tres muestras de lectura o referencias.<\/p>","protected":false},"excerpt":{"rendered":"<p>SpieleCheck ist ein deutsches Independent Gaming Magazin und ist auf dem Weg eine bedeutende Marke in der Gaming-Szene zu werden. Wir m\u00f6chten Gamer, Liebhaber aller Spielegenre, Nerds, Freaks, welche Rolle auch immer ihr einnehmt, vereinen. Kurzum: SpieleCheck ist ein Multiplayer-Format! Gast-Autoren und Gastbeitr\u00e4ge welcome! \u2013 F\u00fcr eine gemeinsame Eroberung der Gaming-News-Welt. Bewirb dich als Redakteur\/in [&hellip;]<\/p>\n","protected":false},"author":2,"featured_media":2207,"parent":0,"menu_order":0,"comment_status":"closed","ping_status":"closed","template":"","meta":{"_acf_changed":false,"footnotes":""},"class_list":["post-5868","page","type-page","status-publish","has-post-thumbnail","hentry"],"acf":[],"aioseo_notices":[],"essb_shorturl_ssu":"https:\/\/spielecheck.gg\/kUqSJuD","hashtags_social_media":null,"_hashtags_social_media":null,"instagram_carousel_01_feature_url":null,"_instagram_carousel_01_feature_url":null,"instagram_carousel_02_url":null,"_instagram_carousel_02_url":null,"instagram_carousel_03_url":null,"_instagram_carousel_03_url":null,"instagram_carousel_04_url":null,"_instagram_carousel_04_url":null,"Instagram_User":null,"_Instagram_User":null,"X_User":null,"_X_User":null,"Facebook_User":null,"_Facebook_User":null,"werbung_hinweis_social_media":null,"_werbung_hinweis_social_media":null,"auto_share_make_com":null,"_auto_share_make_com":null,"wp-worthy-pixel":{"ignored":false,"public":null,"server":null,"url":null},"wp-worthy-type":"normal","aioseo_head":"\n\t\t<!-- All in One SEO Pro 4.9.5.2 - aioseo.com -->\n\t<meta name=\"description\" content=\"F\u00fcr eine gemeinsame Eroberung der Gaming-Welt. SpieleCheck ist ein deutsches Inpependent Blog-Magazin, auf dem Weg eine bedeutende Gaming-Marke zu werden.\" \/>\n\t<meta name=\"robots\" content=\"max-image-preview:large\" \/>\n\t<meta name=\"google-site-verification\" content=\"vd9Fp4EPjxdabCEJreHeRT6FIgd7FLeKQsQt0qUR-AA\" \/>\n\t<meta name=\"p:domain_verify\" content=\"0549fc0b792c03b59db142166b471c53\" \/>\n\t<link rel=\"canonical\" href=\"https:\/\/spielecheck.gg\/es-es\/inscribete-en-spielecheck-creative-minds-welcome\/\" \/>\n\t<meta name=\"generator\" content=\"All in One SEO Pro (AIOSEO) 4.9.5.2\" \/>\n\t\t<meta property=\"og:locale\" content=\"es_ES\" \/>\n\t\t<meta property=\"og:site_name\" content=\"SPIELECHECK\" \/>\n\t\t<meta property=\"og:type\" content=\"article\" \/>\n\t\t<meta property=\"og:title\" content=\"Bewirb Dich bei SpieleCheck \u2605 Kreative K\u00f6pfe willkommen\" \/>\n\t\t<meta property=\"og:description\" content=\"F\u00fcr eine gemeinsame Eroberung der Gaming-Welt. SpieleCheck ist ein deutsches Inpependent Blog-Magazin, auf dem Weg eine bedeutende Gaming-Marke zu werden.\" \/>\n\t\t<meta property=\"og:url\" content=\"https:\/\/spielecheck.gg\/es-es\/inscribete-en-spielecheck-creative-minds-welcome\/\" \/>\n\t\t<meta property=\"og:image\" content=\"https:\/\/spielecheck.gg\/wp-content\/uploads\/2021\/06\/Return-of-the-Tentacle-03.jpg\" \/>\n\t\t<meta property=\"og:image:secure_url\" content=\"https:\/\/spielecheck.gg\/wp-content\/uploads\/2021\/06\/Return-of-the-Tentacle-03.jpg\" \/>\n\t\t<meta property=\"og:image:width\" content=\"1280\" \/>\n\t\t<meta property=\"og:image:height\" content=\"720\" \/>\n\t\t<meta property=\"article:published_time\" content=\"2022-03-31T22:57:48+00:00\" \/>\n\t\t<meta property=\"article:modified_time\" content=\"2023-07-10T20:37:57+00:00\" \/>\n\t\t<meta property=\"article:publisher\" content=\"https:\/\/www.facebook.com\/spielecheckgg\/\" \/>\n\t\t<meta property=\"article:author\" content=\"https:\/\/www.facebook.com\/31nf4ch70mmy.D3\" \/>\n\t\t<meta name=\"twitter:card\" content=\"summary_large_image\" \/>\n\t\t<meta name=\"twitter:site\" content=\"@SpieleCheckGG\" \/>\n\t\t<meta name=\"twitter:title\" content=\"Bewirb Dich bei SpieleCheck \u2605 Kreative K\u00f6pfe willkommen\" \/>\n\t\t<meta name=\"twitter:description\" content=\"F\u00fcr eine gemeinsame Eroberung der Gaming-Welt. SpieleCheck ist ein deutsches Inpependent Blog-Magazin, auf dem Weg eine bedeutende Gaming-Marke zu werden.\" \/>\n\t\t<meta name=\"twitter:creator\" content=\"@EinfachTommyDE\" \/>\n\t\t<meta name=\"twitter:image\" content=\"https:\/\/spielecheck.gg\/wp-content\/uploads\/2021\/06\/Return-of-the-Tentacle-03.jpg\" \/>\n\t\t<meta name=\"twitter:label1\" content=\"Escrito por\" \/>\n\t\t<meta name=\"twitter:data1\" content=\"EinfachTommy\" \/>\n\t\t<meta name=\"twitter:label2\" content=\"Tiempo de lectura estimado\" \/>\n\t\t<meta name=\"twitter:data2\" content=\"2 minutos\" \/>\n\t\t<script type=\"application\/ld+json\" class=\"aioseo-schema\">\n\t\t\t{\"@context\":\"https:\\\/\\\/schema.org\",\"@graph\":[{\"@type\":\"BreadcrumbList\",\"@id\":\"https:\\\/\\\/spielecheck.gg\\\/es-es\\\/inscribete-en-spielecheck-creative-minds-welcome\\\/#breadcrumblist\",\"itemListElement\":[{\"@type\":\"ListItem\",\"@id\":\"https:\\\/\\\/spielecheck.gg\\\/es-es#listItem\",\"position\":1,\"name\":\"Start\",\"item\":\"https:\\\/\\\/spielecheck.gg\\\/es-es\",\"nextItem\":{\"@type\":\"ListItem\",\"@id\":\"https:\\\/\\\/spielecheck.gg\\\/es-es\\\/inscribete-en-spielecheck-creative-minds-welcome\\\/#listItem\",\"name\":\"Bewirb Dich bei SpieleCheck \\u2605 Kreative K\\u00f6pfe willkommen\"}},{\"@type\":\"ListItem\",\"@id\":\"https:\\\/\\\/spielecheck.gg\\\/es-es\\\/inscribete-en-spielecheck-creative-minds-welcome\\\/#listItem\",\"position\":2,\"name\":\"Bewirb Dich bei SpieleCheck \\u2605 Kreative K\\u00f6pfe willkommen\",\"previousItem\":{\"@type\":\"ListItem\",\"@id\":\"https:\\\/\\\/spielecheck.gg\\\/es-es#listItem\",\"name\":\"Start\"}}]},{\"@type\":\"Organization\",\"@id\":\"https:\\\/\\\/spielecheck.gg\\\/es-es\\\/#organization\",\"name\":\"SPIELECHECK\",\"description\":\"Independent Gaming Magazin\",\"url\":\"https:\\\/\\\/spielecheck.gg\\\/es-es\\\/\",\"email\":\"look@spielecheck.gg\",\"logo\":{\"@type\":\"ImageObject\",\"url\":\"https:\\\/\\\/spielecheck.gg\\\/wp-content\\\/uploads\\\/2024\\\/11\\\/spielecheck-logo-2024-01.png\",\"@id\":\"https:\\\/\\\/spielecheck.gg\\\/es-es\\\/inscribete-en-spielecheck-creative-minds-welcome\\\/#organizationLogo\",\"width\":1284,\"height\":232,\"caption\":\"SPIELECHECK\"},\"image\":{\"@id\":\"https:\\\/\\\/spielecheck.gg\\\/es-es\\\/inscribete-en-spielecheck-creative-minds-welcome\\\/#organizationLogo\"},\"sameAs\":[\"https:\\\/\\\/www.facebook.com\\\/spielecheckgg\\\/\",\"https:\\\/\\\/x.com\\\/SpieleCheckGG\",\"https:\\\/\\\/www.instagram.com\\\/spielecheck\",\"https:\\\/\\\/www.tiktok.com\\\/@spielecheckgg\",\"https:\\\/\\\/www.youtube.com\\\/@spielecheckgg\\\/\",\"https:\\\/\\\/www.linkedin.com\\\/company\\\/spielecheck\\\/\",\"https:\\\/\\\/bsky.app\\\/profile\\\/spielecheck.bsky.social\",\"https:\\\/\\\/www.threads.com\\\/@spielecheck\"]},{\"@type\":\"WebPage\",\"@id\":\"https:\\\/\\\/spielecheck.gg\\\/es-es\\\/inscribete-en-spielecheck-creative-minds-welcome\\\/#webpage\",\"url\":\"https:\\\/\\\/spielecheck.gg\\\/es-es\\\/inscribete-en-spielecheck-creative-minds-welcome\\\/\",\"name\":\"Bewirb Dich bei SpieleCheck \\u2605 Kreative K\\u00f6pfe willkommen\",\"description\":\"F\\u00fcr eine gemeinsame Eroberung der Gaming-Welt. SpieleCheck ist ein deutsches Inpependent Blog-Magazin, auf dem Weg eine bedeutende Gaming-Marke zu werden.\",\"inLanguage\":\"es-ES\",\"isPartOf\":{\"@id\":\"https:\\\/\\\/spielecheck.gg\\\/es-es\\\/#website\"},\"breadcrumb\":{\"@id\":\"https:\\\/\\\/spielecheck.gg\\\/es-es\\\/inscribete-en-spielecheck-creative-minds-welcome\\\/#breadcrumblist\"},\"image\":{\"@type\":\"ImageObject\",\"url\":\"https:\\\/\\\/spielecheck.gg\\\/wp-content\\\/uploads\\\/2021\\\/06\\\/Return-of-the-Tentacle-03.jpg\",\"@id\":\"https:\\\/\\\/spielecheck.gg\\\/es-es\\\/inscribete-en-spielecheck-creative-minds-welcome\\\/#mainImage\",\"width\":1280,\"height\":720,\"caption\":\"Return of the Tentacle\"},\"primaryImageOfPage\":{\"@id\":\"https:\\\/\\\/spielecheck.gg\\\/es-es\\\/inscribete-en-spielecheck-creative-minds-welcome\\\/#mainImage\"},\"datePublished\":\"2022-04-01T00:57:48+02:00\",\"dateModified\":\"2023-07-10T22:37:57+02:00\"},{\"@type\":\"WebSite\",\"@id\":\"https:\\\/\\\/spielecheck.gg\\\/es-es\\\/#website\",\"url\":\"https:\\\/\\\/spielecheck.gg\\\/es-es\\\/\",\"name\":\"SPIELECHECK\",\"description\":\"Independent Gaming Magazin\",\"inLanguage\":\"es-ES\",\"publisher\":{\"@id\":\"https:\\\/\\\/spielecheck.gg\\\/es-es\\\/#organization\"}}]}\n\t\t<\/script>\n\t\t<!-- All in One SEO Pro -->\r\n\t\t<title>Bewirb Dich bei SpieleCheck \u2605 Kreative K\u00f6pfe willkommen<\/title>\n\n","aioseo_head_json":{"title":"Aplicar a SpieleCheck \u2605 Mentes creativas bienvenidas","description":"A la conquista conjunta del mundo de los videojuegos. SpieleCheck es una revista de blogs independiente alemana que va camino de convertirse en una gran marca de juegos.","canonical_url":"https:\/\/spielecheck.gg\/es-es\/inscribete-en-spielecheck-creative-minds-welcome\/","robots":"max-image-preview:large","keywords":"","webmasterTools":{"google-site-verification":"vd9Fp4EPjxdabCEJreHeRT6FIgd7FLeKQsQt0qUR-AA","p:domain_verify":"0549fc0b792c03b59db142166b471c53","miscellaneous":""},"schema":{"@context":"https:\/\/schema.org","@graph":[{"@type":"BreadcrumbList","@id":"https:\/\/spielecheck.gg\/es-es\/inscribete-en-spielecheck-creative-minds-welcome\/#breadcrumblist","itemListElement":[{"@type":"ListItem","@id":"https:\/\/spielecheck.gg\/es-es#listItem","position":1,"name":"Start","item":"https:\/\/spielecheck.gg\/es-es","nextItem":{"@type":"ListItem","@id":"https:\/\/spielecheck.gg\/es-es\/inscribete-en-spielecheck-creative-minds-welcome\/#listItem","name":"Bewirb Dich bei SpieleCheck \u2605 Kreative K\u00f6pfe willkommen"}},{"@type":"ListItem","@id":"https:\/\/spielecheck.gg\/es-es\/inscribete-en-spielecheck-creative-minds-welcome\/#listItem","position":2,"name":"Bewirb Dich bei SpieleCheck \u2605 Kreative K\u00f6pfe willkommen","previousItem":{"@type":"ListItem","@id":"https:\/\/spielecheck.gg\/es-es#listItem","name":"Start"}}]},{"@type":"Organization","@id":"https:\/\/spielecheck.gg\/es-es\/#organization","name":"SPIELECHECK","description":"Independent Gaming Magazin","url":"https:\/\/spielecheck.gg\/es-es\/","email":"look@spielecheck.gg","logo":{"@type":"ImageObject","url":"https:\/\/spielecheck.gg\/wp-content\/uploads\/2024\/11\/spielecheck-logo-2024-01.png","@id":"https:\/\/spielecheck.gg\/es-es\/inscribete-en-spielecheck-creative-minds-welcome\/#organizationLogo","width":1284,"height":232,"caption":"SPIELECHECK"},"image":{"@id":"https:\/\/spielecheck.gg\/es-es\/inscribete-en-spielecheck-creative-minds-welcome\/#organizationLogo"},"sameAs":["https:\/\/www.facebook.com\/spielecheckgg\/","https:\/\/x.com\/SpieleCheckGG","https:\/\/www.instagram.com\/spielecheck","https:\/\/www.tiktok.com\/@spielecheckgg","https:\/\/www.youtube.com\/@spielecheckgg\/","https:\/\/www.linkedin.com\/company\/spielecheck\/","https:\/\/bsky.app\/profile\/spielecheck.bsky.social","https:\/\/www.threads.com\/@spielecheck"]},{"@type":"WebPage","@id":"https:\/\/spielecheck.gg\/es-es\/inscribete-en-spielecheck-creative-minds-welcome\/#webpage","url":"https:\/\/spielecheck.gg\/es-es\/inscribete-en-spielecheck-creative-minds-welcome\/","name":"Bewirb Dich bei SpieleCheck \u2605 Kreative K\u00f6pfe willkommen","description":"F\u00fcr eine gemeinsame Eroberung der Gaming-Welt. SpieleCheck ist ein deutsches Inpependent Blog-Magazin, auf dem Weg eine bedeutende Gaming-Marke zu werden.","inLanguage":"es-ES","isPartOf":{"@id":"https:\/\/spielecheck.gg\/es-es\/#website"},"breadcrumb":{"@id":"https:\/\/spielecheck.gg\/es-es\/inscribete-en-spielecheck-creative-minds-welcome\/#breadcrumblist"},"image":{"@type":"ImageObject","url":"https:\/\/spielecheck.gg\/wp-content\/uploads\/2021\/06\/Return-of-the-Tentacle-03.jpg","@id":"https:\/\/spielecheck.gg\/es-es\/inscribete-en-spielecheck-creative-minds-welcome\/#mainImage","width":1280,"height":720,"caption":"Return of the Tentacle"},"primaryImageOfPage":{"@id":"https:\/\/spielecheck.gg\/es-es\/inscribete-en-spielecheck-creative-minds-welcome\/#mainImage"},"datePublished":"2022-04-01T00:57:48+02:00","dateModified":"2023-07-10T22:37:57+02:00"},{"@type":"WebSite","@id":"https:\/\/spielecheck.gg\/es-es\/#website","url":"https:\/\/spielecheck.gg\/es-es\/","name":"SPIELECHECK","description":"Independent Gaming Magazin","inLanguage":"es-ES","publisher":{"@id":"https:\/\/spielecheck.gg\/es-es\/#organization"}}]},"og:locale":"es_ES","og:site_name":"SPIELECHECK","og:type":"article","og:title":"Bewirb Dich bei SpieleCheck \u2605 Kreative K\u00f6pfe willkommen","og:description":"F\u00fcr eine gemeinsame Eroberung der Gaming-Welt. SpieleCheck ist ein deutsches Inpependent Blog-Magazin, auf dem Weg eine bedeutende Gaming-Marke zu werden.","og:url":"https:\/\/spielecheck.gg\/es-es\/inscribete-en-spielecheck-creative-minds-welcome\/","og:image":"https:\/\/spielecheck.gg\/wp-content\/uploads\/2021\/06\/Return-of-the-Tentacle-03.jpg","og:image:secure_url":"https:\/\/spielecheck.gg\/wp-content\/uploads\/2021\/06\/Return-of-the-Tentacle-03.jpg","og:image:width":1280,"og:image:height":720,"article:published_time":"2022-03-31T22:57:48+00:00","article:modified_time":"2023-07-10T20:37:57+00:00","article:publisher":"https:\/\/www.facebook.com\/spielecheckgg\/","article:author":"https:\/\/www.facebook.com\/31nf4ch70mmy.D3","twitter:card":"summary_large_image","twitter:site":"@SpieleCheckGG","twitter:title":"Bewirb Dich bei SpieleCheck \u2605 Kreative K\u00f6pfe willkommen","twitter:description":"F\u00fcr eine gemeinsame Eroberung der Gaming-Welt. SpieleCheck ist ein deutsches Inpependent Blog-Magazin, auf dem Weg eine bedeutende Gaming-Marke zu werden.","twitter:creator":"@EinfachTommyDE","twitter:image":"https:\/\/spielecheck.gg\/wp-content\/uploads\/2021\/06\/Return-of-the-Tentacle-03.jpg","twitter:label1":"Escrito por","twitter:data1":"EinfachTommy","twitter:label2":"Tiempo de lectura estimado","twitter:data2":"2 minutos"},"aioseo_meta_data":{"post_id":"5868","title":null,"description":"A la conquista conjunta del mundo de los videojuegos. SpieleCheck es una revista de blogs independiente alemana que va camino de convertirse en una gran marca de juegos.","keywords":[],"keyphrases":{"focus":{"keyphrase":"SpieleCheck","score":100,"analysis":{"keyphraseInTitle":{"score":9,"maxScore":9,"error":0},"keyphraseInDescription":{"score":9,"maxScore":9,"error":0},"keyphraseLength":{"score":9,"maxScore":9,"error":0,"length":1},"keyphraseInURL":{"score":5,"maxScore":5,"error":0},"keyphraseInIntroduction":{"score":9,"maxScore":9,"error":0},"keyphraseInSubHeadings":{"score":9,"maxScore":9,"error":0},"keyphraseInImageAlt":[]}},"additional":[]},"primary_term":null,"canonical_url":null,"og_title":"#post_title","og_description":"F\u00fcr eine gemeinsame Eroberung der Gaming-Welt. SpieleCheck ist ein deutsches Inpependent Blog-Magazin, auf dem Weg eine bedeutende Gaming-Marke zu werden.","og_object_type":"default","og_image_type":"default","og_image_url":null,"og_image_width":null,"og_image_height":null,"og_image_custom_url":null,"og_image_custom_fields":null,"og_video":"","og_custom_url":null,"og_article_section":null,"og_article_tags":[],"twitter_use_og":false,"twitter_card":"default","twitter_image_type":"default","twitter_image_url":null,"twitter_image_custom_url":null,"twitter_image_custom_fields":null,"twitter_title":"#post_title","twitter_description":"F\u00fcr eine gemeinsame Eroberung der Gaming-Welt. SpieleCheck ist ein deutsches Inpependent Blog-Magazin, auf dem Weg eine bedeutende Gaming-Marke zu werden.","schema":{"blockGraphs":[],"customGraphs":[],"default":{"data":{"Article":[],"Course":[],"Dataset":[],"FAQPage":[],"Movie":[],"Person":[],"Product":[],"ProductReview":[],"Car":[],"Recipe":[],"Service":[],"SoftwareApplication":[],"WebPage":[]},"graphName":"WebPage","isEnabled":true},"graphs":[]},"schema_type":"default","schema_type_options":null,"pillar_content":false,"robots_default":true,"robots_noindex":false,"robots_noarchive":false,"robots_nosnippet":false,"robots_nofollow":false,"robots_noimageindex":false,"robots_noodp":false,"robots_notranslate":false,"robots_max_snippet":"-1","robots_max_videopreview":"-1","robots_max_imagepreview":"large","priority":null,"frequency":"default","local_seo":null,"seo_analyzer_scan_date":"2025-10-08 21:19:45","breadcrumb_settings":null,"limit_modified_date":false,"reviewed_by":null,"open_ai":"{\"title\":{\"suggestions\":[],\"usage\":0},\"description\":{\"suggestions\":[],\"usage\":0}}","ai":null,"created":"2022-11-19 20:20:41","updated":"2025-10-21 20:38:00"},"aioseo_breadcrumb":"<div class=\"aioseo-breadcrumbs\"><span class=\"aioseo-breadcrumb\">\n\t<a href=\"https:\/\/spielecheck.gg\/es-es\" title=\"Start\">Start<\/a>\n<\/span><span class=\"aioseo-breadcrumb-separator\">\u00bb<\/span><span class=\"aioseo-breadcrumb\">\n\t<a href=\"https:\/\/spielecheck.gg\/es-es\/inscribete-en-spielecheck-creative-minds-welcome\/\" title=\"Bewirb Dich bei SpieleCheck \u2605 Kreative K\u00f6pfe willkommen\">Bewirb Dich bei SpieleCheck \u2605 Kreative K\u00f6pfe willkommen<\/a>\n<\/span><\/div>","aioseo_breadcrumb_json":[{"label":"Start","link":"https:\/\/spielecheck.gg\/es-es"},{"label":"Bewirb Dich bei SpieleCheck \u2605 Kreative K\u00f6pfe willkommen","link":"https:\/\/spielecheck.gg\/es-es\/inscribete-en-spielecheck-creative-minds-welcome\/"}],"_links":{"self":[{"href":"https:\/\/spielecheck.gg\/es-es\/wp-json\/wp\/v2\/pages\/5868","targetHints":{"allow":["GET"]}}],"collection":[{"href":"https:\/\/spielecheck.gg\/es-es\/wp-json\/wp\/v2\/pages"}],"about":[{"href":"https:\/\/spielecheck.gg\/es-es\/wp-json\/wp\/v2\/types\/page"}],"author":[{"embeddable":true,"href":"https:\/\/spielecheck.gg\/es-es\/wp-json\/wp\/v2\/users\/2"}],"replies":[{"embeddable":true,"href":"https:\/\/spielecheck.gg\/es-es\/wp-json\/wp\/v2\/comments?post=5868"}],"version-history":[{"count":0,"href":"https:\/\/spielecheck.gg\/es-es\/wp-json\/wp\/v2\/pages\/5868\/revisions"}],"wp:featuredmedia":[{"embeddable":true,"href":"https:\/\/spielecheck.gg\/es-es\/wp-json\/wp\/v2\/media\/2207"}],"wp:attachment":[{"href":"https:\/\/spielecheck.gg\/es-es\/wp-json\/wp\/v2\/media?parent=5868"}],"curies":[{"name":"wp","href":"https:\/\/api.w.org\/{rel}","templated":true}]}}