{"id":15501,"date":"2025-05-11T14:44:14","date_gmt":"2025-05-11T12:44:14","guid":{"rendered":"https:\/\/spielecheck.gg\/?page_id=15501"},"modified":"2025-05-11T14:49:36","modified_gmt":"2025-05-11T12:49:36","slug":"participer-a-la-discussion-et-a-la-conception","status":"publish","type":"page","link":"https:\/\/spielecheck.gg\/fr-fr\/participer-a-la-discussion-et-a-la-conception\/","title":{"rendered":"Participer \u00e0 la discussion et \u00e0 la conception"},"content":{"rendered":"<div data-elementor-type=\"wp-page\" data-elementor-id=\"15501\" class=\"elementor elementor-15501\" data-elementor-post-type=\"page\">\n\t\t\t\t<div class=\"elementor-element elementor-element-2d4fcfb e-flex e-con-boxed e-con e-parent\" data-id=\"2d4fcfb\" data-element_type=\"container\" data-e-type=\"container\">\n\t\t\t\t\t<div class=\"e-con-inner\">\n\t\t\t\t<div class=\"elementor-element elementor-element-62fa091 elementor-widget elementor-widget-heading\" data-id=\"62fa091\" data-element_type=\"widget\" data-e-type=\"widget\" data-widget_type=\"heading.default\">\n\t\t\t\t\t<h1 class=\"elementor-heading-title elementor-size-default\">Participer \u00e0 la discussion et \u00e0 la conception<\/h1>\t\t\t\t<\/div>\n\t\t\t\t<div class=\"elementor-element elementor-element-a4d671d elementor-widget elementor-widget-text-editor\" data-id=\"a4d671d\" data-element_type=\"widget\" data-e-type=\"widget\" data-widget_type=\"text-editor.default\">\n\t\t\t\t\t\t\t\t\t<p>SPIELECHECK vit de sa communaut\u00e9 - et tu peux en faire partie. Sur notre Discord, tu as la possibilit\u00e9 de t'impliquer directement : Discute avec nous des nouveaux jeux, donne ton avis sur les articles et les shorts ou propose des th\u00e8mes qui t'int\u00e9ressent.<\/p><p>Tu veux participer aux d\u00e9cisions concernant les prochains jeux que nous testerons ? Tu as des id\u00e9es de contenus passionnants ou tu veux simplement discuter avec d'autres fans de jeux ? Alors tu es au bon endroit.<\/p><p>Nous continuons \u00e0 d\u00e9velopper SPIELECHECK en collaboration avec la communaut\u00e9 - de mani\u00e8re ouverte, directe et avec beaucoup de plaisir.<\/p><p><a href=\"https:\/\/discord.gg\/CsPMA2z6Mn\" target=\"_blank\" rel=\"noopener\">Rejoignez le Discord maintenant et participez \u00e0 la cr\u00e9ation.<\/a><\/p><p>Remarque : Actuellement, le serveur est en train d'\u00eatre transform\u00e9 de mon ancien serveur de streaming en serveur communautaire. Choisissez au d\u00e9but \"EinfachTommy\". Je vous attends avec impatience.<\/p><p><a href=\"https:\/\/www.patreon.com\/c\/spielecheck\" target=\"_blank\" rel=\"noopener\">N'h\u00e9sitez pas \u00e0 suivre gratuitement mon Patreon.<\/a><\/p>\t\t\t\t\t\t\t\t<\/div>\n\t\t\t\t\t<\/div>\n\t\t\t\t<\/div>\n\t\t\t\t<\/div>","protected":false},"excerpt":{"rendered":"<p>Mitreden und mitgestalten SPIELECHECK lebt von seiner Community \u2013 und du kannst ein Teil davon sein. Auf unserem Discord hast du die M\u00f6glichkeit, dich direkt einzubringen: Diskutiere mit uns \u00fcber neue Spiele, gib Feedback zu Artikeln und Shorts oder schlag Themen vor, die dich interessieren. Du m\u00f6chtest mitentscheiden, welche Games wir als N\u00e4chstes testen? Du [&hellip;]<\/p>\n","protected":false},"author":2,"featured_media":0,"parent":0,"menu_order":0,"comment_status":"closed","ping_status":"closed","template":"","meta":{"_acf_changed":false,"footnotes":""},"class_list":["post-15501","page","type-page","status-publish","hentry"],"acf":[],"aioseo_notices":[],"essb_shorturl_ssu":null,"hashtags_social_media":null,"_hashtags_social_media":null,"instagram_carousel_01_feature_url":null,"_instagram_carousel_01_feature_url":null,"instagram_carousel_02_url":null,"_instagram_carousel_02_url":null,"instagram_carousel_03_url":null,"_instagram_carousel_03_url":null,"instagram_carousel_04_url":null,"_instagram_carousel_04_url":null,"Instagram_User":null,"_Instagram_User":null,"X_User":null,"_X_User":null,"Facebook_User":null,"_Facebook_User":null,"werbung_hinweis_social_media":null,"_werbung_hinweis_social_media":null,"auto_share_make_com":null,"_auto_share_make_com":null,"wp-worthy-pixel":{"ignored":false,"public":null,"server":null,"url":null},"wp-worthy-type":"normal","aioseo_head":"\n\t\t<!-- All in One SEO Pro 4.9.6.2 - aioseo.com -->\n\t<meta name=\"description\" content=\"Mitreden und mitgestalten SPIELECHECK lebt von seiner Community \u2013 und du kannst ein Teil davon sein. Auf unserem Discord hast du die M\u00f6glichkeit, dich direkt einzubringen: Diskutiere mit uns \u00fcber neue Spiele, gib Feedback zu Artikeln und Shorts oder schlag Themen vor, die dich interessieren.Du m\u00f6chtest mitentscheiden, welche Games wir als N\u00e4chstes testen? Du hast\" \/>\n\t<meta name=\"robots\" content=\"max-image-preview:large\" \/>\n\t<meta name=\"google-site-verification\" content=\"vd9Fp4EPjxdabCEJreHeRT6FIgd7FLeKQsQt0qUR-AA\" \/>\n\t<meta name=\"p:domain_verify\" content=\"0549fc0b792c03b59db142166b471c53\" \/>\n\t<link rel=\"canonical\" href=\"https:\/\/spielecheck.gg\/fr-fr\/participer-a-la-discussion-et-a-la-conception\/\" \/>\n\t<meta name=\"generator\" content=\"All in One SEO Pro (AIOSEO) 4.9.6.2\" \/>\n\t\t<meta property=\"og:locale\" content=\"fr_FR\" \/>\n\t\t<meta property=\"og:site_name\" content=\"SPIELECHECK\" \/>\n\t\t<meta property=\"og:type\" content=\"article\" \/>\n\t\t<meta property=\"og:title\" content=\"Mitreden und mitgestalten\" \/>\n\t\t<meta property=\"og:description\" content=\"Mitreden und mitgestalten SPIELECHECK lebt von seiner Community \u2013 und du kannst ein Teil davon sein. Auf unserem Discord hast du die M\u00f6glichkeit, dich direkt einzubringen: Diskutiere mit uns \u00fcber neue Spiele, gib Feedback zu Artikeln und Shorts oder schlag Themen vor, die dich interessieren.Du m\u00f6chtest mitentscheiden, welche Games wir als N\u00e4chstes testen? Du hast\" \/>\n\t\t<meta property=\"og:url\" content=\"https:\/\/spielecheck.gg\/fr-fr\/participer-a-la-discussion-et-a-la-conception\/\" \/>\n\t\t<meta property=\"og:image\" content=\"https:\/\/spielecheck.gg\/wp-content\/uploads\/2024\/11\/seo-picture-spielecheck-01.webp\" \/>\n\t\t<meta property=\"og:image:secure_url\" content=\"https:\/\/spielecheck.gg\/wp-content\/uploads\/2024\/11\/seo-picture-spielecheck-01.webp\" \/>\n\t\t<meta property=\"og:image:width\" content=\"1280\" \/>\n\t\t<meta property=\"og:image:height\" content=\"720\" \/>\n\t\t<meta property=\"article:published_time\" content=\"2025-05-11T12:44:14+00:00\" \/>\n\t\t<meta property=\"article:modified_time\" content=\"2025-05-11T12:49:36+00:00\" \/>\n\t\t<meta property=\"article:publisher\" content=\"https:\/\/www.facebook.com\/spielecheckgg\/\" \/>\n\t\t<meta property=\"article:author\" content=\"https:\/\/www.facebook.com\/31nf4ch70mmy.D3\" \/>\n\t\t<meta name=\"twitter:card\" content=\"summary_large_image\" \/>\n\t\t<meta name=\"twitter:site\" content=\"@SpieleCheckGG\" \/>\n\t\t<meta name=\"twitter:title\" content=\"Mitreden und mitgestalten\" \/>\n\t\t<meta name=\"twitter:description\" content=\"Mitreden und mitgestalten SPIELECHECK lebt von seiner Community \u2013 und du kannst ein Teil davon sein. Auf unserem Discord hast du die M\u00f6glichkeit, dich direkt einzubringen: Diskutiere mit uns \u00fcber neue Spiele, gib Feedback zu Artikeln und Shorts oder schlag Themen vor, die dich interessieren.Du m\u00f6chtest mitentscheiden, welche Games wir als N\u00e4chstes testen? Du hast\" \/>\n\t\t<meta name=\"twitter:creator\" content=\"@EinfachTommyDE\" \/>\n\t\t<meta name=\"twitter:image\" content=\"https:\/\/spielecheck.gg\/wp-content\/uploads\/2024\/11\/seo-picture-spielecheck-01.webp\" \/>\n\t\t<meta name=\"twitter:label1\" content=\"\u00c9crit par\" \/>\n\t\t<meta name=\"twitter:data1\" content=\"EinfachTommy\" \/>\n\t\t<meta name=\"twitter:label2\" content=\"Estimation du temps de lecture\" \/>\n\t\t<meta name=\"twitter:data2\" content=\"1 minute\" \/>\n\t\t<script type=\"application\/ld+json\" class=\"aioseo-schema\">\n\t\t\t{\"@context\":\"https:\\\/\\\/schema.org\",\"@graph\":[{\"@type\":\"BreadcrumbList\",\"@id\":\"https:\\\/\\\/spielecheck.gg\\\/fr-fr\\\/participer-a-la-discussion-et-a-la-conception\\\/#breadcrumblist\",\"itemListElement\":[{\"@type\":\"ListItem\",\"@id\":\"https:\\\/\\\/spielecheck.gg\\\/fr-fr#listItem\",\"position\":1,\"name\":\"Start\",\"item\":\"https:\\\/\\\/spielecheck.gg\\\/fr-fr\",\"nextItem\":{\"@type\":\"ListItem\",\"@id\":\"https:\\\/\\\/spielecheck.gg\\\/fr-fr\\\/participer-a-la-discussion-et-a-la-conception\\\/#listItem\",\"name\":\"Mitreden und mitgestalten\"}},{\"@type\":\"ListItem\",\"@id\":\"https:\\\/\\\/spielecheck.gg\\\/fr-fr\\\/participer-a-la-discussion-et-a-la-conception\\\/#listItem\",\"position\":2,\"name\":\"Mitreden und mitgestalten\",\"previousItem\":{\"@type\":\"ListItem\",\"@id\":\"https:\\\/\\\/spielecheck.gg\\\/fr-fr#listItem\",\"name\":\"Start\"}}]},{\"@type\":\"Organization\",\"@id\":\"https:\\\/\\\/spielecheck.gg\\\/fr-fr\\\/#organization\",\"name\":\"SPIELECHECK\",\"description\":\"Independent Gaming Magazin\",\"url\":\"https:\\\/\\\/spielecheck.gg\\\/fr-fr\\\/\",\"email\":\"look@spielecheck.gg\",\"logo\":{\"@type\":\"ImageObject\",\"url\":\"https:\\\/\\\/spielecheck.gg\\\/wp-content\\\/uploads\\\/2024\\\/11\\\/spielecheck-logo-2024-01.png\",\"@id\":\"https:\\\/\\\/spielecheck.gg\\\/fr-fr\\\/participer-a-la-discussion-et-a-la-conception\\\/#organizationLogo\",\"width\":1284,\"height\":232,\"caption\":\"SPIELECHECK\"},\"image\":{\"@id\":\"https:\\\/\\\/spielecheck.gg\\\/fr-fr\\\/participer-a-la-discussion-et-a-la-conception\\\/#organizationLogo\"},\"sameAs\":[\"https:\\\/\\\/www.facebook.com\\\/spielecheckgg\\\/\",\"https:\\\/\\\/x.com\\\/SpieleCheckGG\",\"https:\\\/\\\/www.instagram.com\\\/spielecheck\",\"https:\\\/\\\/www.tiktok.com\\\/@spielecheckgg\",\"https:\\\/\\\/www.youtube.com\\\/@spielecheckgg\\\/\",\"https:\\\/\\\/www.linkedin.com\\\/company\\\/spielecheck\\\/\",\"https:\\\/\\\/bsky.app\\\/profile\\\/spielecheck.bsky.social\",\"https:\\\/\\\/www.threads.com\\\/@spielecheck\"]},{\"@type\":\"WebPage\",\"@id\":\"https:\\\/\\\/spielecheck.gg\\\/fr-fr\\\/participer-a-la-discussion-et-a-la-conception\\\/#webpage\",\"url\":\"https:\\\/\\\/spielecheck.gg\\\/fr-fr\\\/participer-a-la-discussion-et-a-la-conception\\\/\",\"name\":\"Mitreden und mitgestalten\",\"description\":\"Mitreden und mitgestalten SPIELECHECK lebt von seiner Community \\u2013 und du kannst ein Teil davon sein. Auf unserem Discord hast du die M\\u00f6glichkeit, dich direkt einzubringen: Diskutiere mit uns \\u00fcber neue Spiele, gib Feedback zu Artikeln und Shorts oder schlag Themen vor, die dich interessieren.Du m\\u00f6chtest mitentscheiden, welche Games wir als N\\u00e4chstes testen? Du hast\",\"inLanguage\":\"fr-FR\",\"isPartOf\":{\"@id\":\"https:\\\/\\\/spielecheck.gg\\\/fr-fr\\\/#website\"},\"breadcrumb\":{\"@id\":\"https:\\\/\\\/spielecheck.gg\\\/fr-fr\\\/participer-a-la-discussion-et-a-la-conception\\\/#breadcrumblist\"},\"datePublished\":\"2025-05-11T14:44:14+02:00\",\"dateModified\":\"2025-05-11T14:49:36+02:00\"},{\"@type\":\"WebSite\",\"@id\":\"https:\\\/\\\/spielecheck.gg\\\/fr-fr\\\/#website\",\"url\":\"https:\\\/\\\/spielecheck.gg\\\/fr-fr\\\/\",\"name\":\"SPIELECHECK\",\"description\":\"Independent Gaming Magazin\",\"inLanguage\":\"fr-FR\",\"publisher\":{\"@id\":\"https:\\\/\\\/spielecheck.gg\\\/fr-fr\\\/#organization\"}}]}\n\t\t<\/script>\n\t\t<!-- All in One SEO Pro -->\r\n\t\t<title>Mitreden und mitgestalten<\/title>\n\n","aioseo_head_json":{"title":"Participer \u00e0 la discussion et \u00e0 la conception","description":"Participer \u00e0 la discussion et \u00e0 la cr\u00e9ation SPIELECHECK vit de sa communaut\u00e9 - et tu peux en faire partie. Sur notre Discord, tu as la possibilit\u00e9 de t'impliquer directement : Discute avec nous des nouveaux jeux, donne ton avis sur les articles et les shorts ou propose des th\u00e8mes qui t'int\u00e9ressent. Tu veux participer aux d\u00e9cisions concernant les prochains jeux que nous allons tester ? Tu as","canonical_url":"https:\/\/spielecheck.gg\/fr-fr\/participer-a-la-discussion-et-a-la-conception\/","robots":"max-image-preview:large","keywords":"","webmasterTools":{"google-site-verification":"vd9Fp4EPjxdabCEJreHeRT6FIgd7FLeKQsQt0qUR-AA","p:domain_verify":"0549fc0b792c03b59db142166b471c53","miscellaneous":""},"schema":{"@context":"https:\/\/schema.org","@graph":[{"@type":"BreadcrumbList","@id":"https:\/\/spielecheck.gg\/fr-fr\/participer-a-la-discussion-et-a-la-conception\/#breadcrumblist","itemListElement":[{"@type":"ListItem","@id":"https:\/\/spielecheck.gg\/fr-fr#listItem","position":1,"name":"Start","item":"https:\/\/spielecheck.gg\/fr-fr","nextItem":{"@type":"ListItem","@id":"https:\/\/spielecheck.gg\/fr-fr\/participer-a-la-discussion-et-a-la-conception\/#listItem","name":"Mitreden und mitgestalten"}},{"@type":"ListItem","@id":"https:\/\/spielecheck.gg\/fr-fr\/participer-a-la-discussion-et-a-la-conception\/#listItem","position":2,"name":"Mitreden und mitgestalten","previousItem":{"@type":"ListItem","@id":"https:\/\/spielecheck.gg\/fr-fr#listItem","name":"Start"}}]},{"@type":"Organization","@id":"https:\/\/spielecheck.gg\/fr-fr\/#organization","name":"SPIELECHECK","description":"Independent Gaming Magazin","url":"https:\/\/spielecheck.gg\/fr-fr\/","email":"look@spielecheck.gg","logo":{"@type":"ImageObject","url":"https:\/\/spielecheck.gg\/wp-content\/uploads\/2024\/11\/spielecheck-logo-2024-01.png","@id":"https:\/\/spielecheck.gg\/fr-fr\/participer-a-la-discussion-et-a-la-conception\/#organizationLogo","width":1284,"height":232,"caption":"SPIELECHECK"},"image":{"@id":"https:\/\/spielecheck.gg\/fr-fr\/participer-a-la-discussion-et-a-la-conception\/#organizationLogo"},"sameAs":["https:\/\/www.facebook.com\/spielecheckgg\/","https:\/\/x.com\/SpieleCheckGG","https:\/\/www.instagram.com\/spielecheck","https:\/\/www.tiktok.com\/@spielecheckgg","https:\/\/www.youtube.com\/@spielecheckgg\/","https:\/\/www.linkedin.com\/company\/spielecheck\/","https:\/\/bsky.app\/profile\/spielecheck.bsky.social","https:\/\/www.threads.com\/@spielecheck"]},{"@type":"WebPage","@id":"https:\/\/spielecheck.gg\/fr-fr\/participer-a-la-discussion-et-a-la-conception\/#webpage","url":"https:\/\/spielecheck.gg\/fr-fr\/participer-a-la-discussion-et-a-la-conception\/","name":"Mitreden und mitgestalten","description":"Mitreden und mitgestalten SPIELECHECK lebt von seiner Community \u2013 und du kannst ein Teil davon sein. Auf unserem Discord hast du die M\u00f6glichkeit, dich direkt einzubringen: Diskutiere mit uns \u00fcber neue Spiele, gib Feedback zu Artikeln und Shorts oder schlag Themen vor, die dich interessieren.Du m\u00f6chtest mitentscheiden, welche Games wir als N\u00e4chstes testen? Du hast","inLanguage":"fr-FR","isPartOf":{"@id":"https:\/\/spielecheck.gg\/fr-fr\/#website"},"breadcrumb":{"@id":"https:\/\/spielecheck.gg\/fr-fr\/participer-a-la-discussion-et-a-la-conception\/#breadcrumblist"},"datePublished":"2025-05-11T14:44:14+02:00","dateModified":"2025-05-11T14:49:36+02:00"},{"@type":"WebSite","@id":"https:\/\/spielecheck.gg\/fr-fr\/#website","url":"https:\/\/spielecheck.gg\/fr-fr\/","name":"SPIELECHECK","description":"Independent Gaming Magazin","inLanguage":"fr-FR","publisher":{"@id":"https:\/\/spielecheck.gg\/fr-fr\/#organization"}}]},"og:locale":"fr_FR","og:site_name":"SPIELECHECK","og:type":"article","og:title":"Mitreden und mitgestalten","og:description":"Mitreden und mitgestalten SPIELECHECK lebt von seiner Community \u2013 und du kannst ein Teil davon sein. Auf unserem Discord hast du die M\u00f6glichkeit, dich direkt einzubringen: Diskutiere mit uns \u00fcber neue Spiele, gib Feedback zu Artikeln und Shorts oder schlag Themen vor, die dich interessieren.Du m\u00f6chtest mitentscheiden, welche Games wir als N\u00e4chstes testen? Du hast","og:url":"https:\/\/spielecheck.gg\/fr-fr\/participer-a-la-discussion-et-a-la-conception\/","og:image":"https:\/\/spielecheck.gg\/wp-content\/uploads\/2024\/11\/seo-picture-spielecheck-01.webp","og:image:secure_url":"https:\/\/spielecheck.gg\/wp-content\/uploads\/2024\/11\/seo-picture-spielecheck-01.webp","og:image:width":1280,"og:image:height":720,"article:published_time":"2025-05-11T12:44:14+00:00","article:modified_time":"2025-05-11T12:49:36+00:00","article:publisher":"https:\/\/www.facebook.com\/spielecheckgg\/","article:author":"https:\/\/www.facebook.com\/31nf4ch70mmy.D3","twitter:card":"summary_large_image","twitter:site":"@SpieleCheckGG","twitter:title":"Mitreden und mitgestalten","twitter:description":"Mitreden und mitgestalten SPIELECHECK lebt von seiner Community \u2013 und du kannst ein Teil davon sein. Auf unserem Discord hast du die M\u00f6glichkeit, dich direkt einzubringen: Diskutiere mit uns \u00fcber neue Spiele, gib Feedback zu Artikeln und Shorts oder schlag Themen vor, die dich interessieren.Du m\u00f6chtest mitentscheiden, welche Games wir als N\u00e4chstes testen? Du hast","twitter:creator":"@EinfachTommyDE","twitter:image":"https:\/\/spielecheck.gg\/wp-content\/uploads\/2024\/11\/seo-picture-spielecheck-01.webp","twitter:label1":"\u00c9crit par","twitter:data1":"EinfachTommy","twitter:label2":"Estimation du temps de lecture","twitter:data2":"1 minute"},"aioseo_meta_data":{"post_id":"15501","title":null,"description":null,"keywords":null,"keyphrases":{"focus":{"keyphrase":"","score":0,"analysis":{"keyphraseInTitle":{"score":0,"maxScore":9,"error":1}}},"additional":[]},"primary_term":null,"canonical_url":null,"og_title":null,"og_description":null,"og_object_type":"default","og_image_type":"default","og_image_url":null,"og_image_width":null,"og_image_height":null,"og_image_custom_url":null,"og_image_custom_fields":null,"og_video":"","og_custom_url":null,"og_article_section":null,"og_article_tags":null,"twitter_use_og":false,"twitter_card":"default","twitter_image_type":"default","twitter_image_url":null,"twitter_image_custom_url":null,"twitter_image_custom_fields":null,"twitter_title":null,"twitter_description":null,"schema":{"blockGraphs":[],"customGraphs":[],"default":{"data":{"Article":[],"Course":[],"Dataset":[],"FAQPage":[],"Movie":[],"Person":[],"Product":[],"ProductReview":[],"Car":[],"Recipe":[],"Service":[],"SoftwareApplication":[],"WebPage":[]},"graphName":"WebPage","isEnabled":true},"graphs":[]},"schema_type":"default","schema_type_options":null,"pillar_content":false,"robots_default":true,"robots_noindex":false,"robots_noarchive":false,"robots_nosnippet":false,"robots_nofollow":false,"robots_noimageindex":false,"robots_noodp":false,"robots_notranslate":false,"robots_max_snippet":"-1","robots_max_videopreview":"-1","robots_max_imagepreview":"large","priority":null,"frequency":"default","local_seo":null,"seo_analyzer_scan_date":"2025-10-08 21:19:50","breadcrumb_settings":null,"limit_modified_date":false,"reviewed_by":null,"open_ai":"{\"title\":{\"suggestions\":[],\"usage\":0},\"description\":{\"suggestions\":[],\"usage\":0}}","ai":null,"created":"2025-05-11 12:40:33","updated":"2025-10-21 20:38:00"},"aioseo_breadcrumb":"<div class=\"aioseo-breadcrumbs\"><span class=\"aioseo-breadcrumb\">\n\t<a href=\"https:\/\/spielecheck.gg\/fr-fr\" title=\"Start\">Start<\/a>\n<\/span><span class=\"aioseo-breadcrumb-separator\">\u00bb<\/span><span class=\"aioseo-breadcrumb\">\n\t<a href=\"https:\/\/spielecheck.gg\/fr-fr\/participer-a-la-discussion-et-a-la-conception\/\" title=\"Mitreden und mitgestalten\">Mitreden und mitgestalten<\/a>\n<\/span><\/div>","aioseo_breadcrumb_json":[{"label":"Start","link":"https:\/\/spielecheck.gg\/fr-fr"},{"label":"Mitreden und mitgestalten","link":"https:\/\/spielecheck.gg\/fr-fr\/participer-a-la-discussion-et-a-la-conception\/"}],"_links":{"self":[{"href":"https:\/\/spielecheck.gg\/fr-fr\/wp-json\/wp\/v2\/pages\/15501","targetHints":{"allow":["GET"]}}],"collection":[{"href":"https:\/\/spielecheck.gg\/fr-fr\/wp-json\/wp\/v2\/pages"}],"about":[{"href":"https:\/\/spielecheck.gg\/fr-fr\/wp-json\/wp\/v2\/types\/page"}],"author":[{"embeddable":true,"href":"https:\/\/spielecheck.gg\/fr-fr\/wp-json\/wp\/v2\/users\/2"}],"replies":[{"embeddable":true,"href":"https:\/\/spielecheck.gg\/fr-fr\/wp-json\/wp\/v2\/comments?post=15501"}],"version-history":[{"count":0,"href":"https:\/\/spielecheck.gg\/fr-fr\/wp-json\/wp\/v2\/pages\/15501\/revisions"}],"wp:attachment":[{"href":"https:\/\/spielecheck.gg\/fr-fr\/wp-json\/wp\/v2\/media?parent=15501"}],"curies":[{"name":"wp","href":"https:\/\/api.w.org\/{rel}","templated":true}]}}