{"id":5868,"date":"2022-04-01T00:57:48","date_gmt":"2022-03-31T22:57:48","guid":{"rendered":"https:\/\/spielecheck.gg\/?page_id=5868"},"modified":"2023-07-10T22:37:57","modified_gmt":"2023-07-10T20:37:57","slug":"postulez-chez-spielecheck-creatifs-bienvenus","status":"publish","type":"page","link":"https:\/\/spielecheck.gg\/fr-fr\/postulez-chez-spielecheck-creatifs-bienvenus\/","title":{"rendered":"Postulez chez SpieleCheck \u2605 Esprits cr\u00e9atifs bienvenus"},"content":{"rendered":"<p><b>SpieleCheck est un magazine de jeu ind\u00e9pendant allemand et est en passe de devenir une marque importante sur la sc\u00e8ne du jeu. Nous voulons rassembler les joueurs, les amateurs de tous les genres de jeux, les nerds, les geeks, quel que soit votre r\u00f4le. <\/b><strong>En bref : SpieleCheck est un format multijoueur !<\/strong><\/p>\n<p>Auteurs et contributions invit\u00e9s welcome ! - Pour une conqu\u00eate commune du monde des actualit\u00e9s du jeu.<\/p>\n<h2>Postulez pour un poste de r\u00e9dacteur\/trice chez SpieleCheck<\/h2>\n<p>Nous recherchons des r\u00e9dacteurs engag\u00e9s et passionn\u00e9s qui se sentent capables de r\u00e9diger ou qui aiment \u00e9crire des articles et qui aimeraient acqu\u00e9rir quelques exp\u00e9riences.<\/p>\n<p>Le niveau d'exigence chez SpieleCheck consiste \u00e0 avoir un int\u00e9r\u00eat fondamental pour les activit\u00e9s r\u00e9dactionnelles et du plaisir \u00e0 \u00e9crire - l'orthographe et la syntaxe ne doivent cependant pas t'\u00eatre \u00e9trang\u00e8res. Nombreux sont ceux qui n'osent pas postuler parce qu'ils ne se sentent pas \u00e0 la hauteur. Courage, le \"faux\" n'existe pas chez nous ! L'entraide et la critique, ainsi que la reconnaissance du travail accompli, sont des valeurs importantes ici.<\/p>\n<p><a href=\"mailto:look@spielecheck.gg\">Postule maintenant !<\/a> - Tout simplement avec 2-3 \u00e9chantillons de lecture ou r\u00e9f\u00e9rences.<\/p>\n<p>Tu n'as pas de fiches de lecture ? Ecris un article d'au moins 250 mots sur un sujet de ton choix.<\/p>\n<p><em><strong>Les articles possibles sont par exemple <\/strong><\/em><a href=\"https:\/\/spielecheck.gg\/fr-fr\/categorie\/jeux\/\">Gaming<\/a> (pr\u00e9sentations de jeux, comparaisons, revues), technique informatique (de jeu), comparaisons de techniques, <a href=\"https:\/\/spielecheck.gg\/fr-fr\/categorie\/divertissement\/\">Divertissement<\/a> (par ex. podcasts, films \/ courts m\u00e9trages, musique)<br \/>\n<em><strong>Pas souhait\u00e9 :<\/strong> <\/em>Articles sur les jeux de hasard \/ les loteries \/ les casinos en ligne \/ la pornographie \/ la politique \/ la religion<\/p>\n<p>L'important, c'est d'\u00eatre soi-m\u00eame, d'\u00eatre honn\u00eate, d'\u00eatre cr\u00e9atif.<\/p>\n<h2>Ce qui t'attend chez SpieleCheck<\/h2>\n<ul class=\"penci_list_shortcode penci_list-starlist\">\n<li>Ambiance d\u00e9contract\u00e9e<\/li>\n<li>Une hi\u00e9rarchie souple<\/li>\n<li>Flexibilit\u00e9, priorit\u00e9 \u00e0 la vie priv\u00e9e et professionnelle<\/li>\n<li>Selon les possibilit\u00e9s, rencontres occasionnelles, y compris lors de salons professionnels, comme la Gamescom<\/li>\n<\/ul>\n<p><strong>Ce que tu apportes<\/strong><\/p>\n<ul class=\"penci_list_shortcode penci_list-starlist\">\n<li>Int\u00e9r\u00eat sinc\u00e8re pour les th\u00e8mes\/domaines susmentionn\u00e9s<\/li>\n<li>Bonne connaissance de l'allemand, bonne grammaire<\/li>\n<li>Connaissance de l'anglais parl\u00e9 et \u00e9crit (pour les recherches en anglais)<\/li>\n<li>Capacit\u00e9 critique<\/li>\n<li>Volont\u00e9 d'apprendre<\/li>\n<li>Du temps pour des recherches propres suivies de la r\u00e9daction d'articles<\/li>\n<li>Acc\u00e8s \u00e0 Internet<\/li>\n<li>Flexibilit\u00e9 pour les th\u00e8mes \u00e9trangers<\/li>\n<li>Nous appr\u00e9cions : Un peu d'int\u00e9r\u00eat politique<\/li>\n<\/ul>\n<p><strong>Tes t\u00e2ches :<\/strong><\/p>\n<ul class=\"penci_list_shortcode penci_list-starlist\">\n<li>Couverture m\u00e9diatique \/ r\u00e9daction d'articles autour des th\u00e8mes susmentionn\u00e9s<\/li>\n<li>au moins 1 contribution \/ article par mois<\/li>\n<li>Orientation vers le style g\u00e9n\u00e9ral du magazine<\/li>\n<li>Cr\u00e9ation de revues sur la base de vos propres jeux et de jeux sponsoris\u00e9s (chance de gagner des cl\u00e9s de jeu)<\/li>\n<li>Participation \u00e0 des r\u00e9unions \u00e9ditoriales communes via Discord<\/li>\n<li>En option : mise en place des articles dans WordPress, y compris recadrage, optimisation et t\u00e9l\u00e9chargement des images de contribution<\/li>\n<\/ul>\n<h2>Tu es s\u00e9rieux ? Prouve-le par ta fiabilit\u00e9 et ton activit\u00e9.<\/h2>\n<p>SpieleCheck est actuellement une activit\u00e9 purement lucrative. Des revenus financiers sont certes g\u00e9n\u00e9r\u00e9s, mais ils sont investis dans l'exploitation courante du site web et de ses <a href=\"http:\/\/link.spielecheck.gg\" target=\"_blank\" rel=\"noopener\">Canaux<\/a>. C'est pourquoi chaque candidat doit en principe \u00eatre conscient qu'il n'y aura pas de r\u00e9mun\u00e9ration pour les contributions sous forme d'articles et de m\u00e9dias audiovisuels dans un avenir pr\u00e9visible.<\/p>\n<p>Nous g\u00e9rons le magazine comme un hobby professionnel, avec l'objectif de devenir une marque importante dans le milieu du jeu.<\/p>\n<p>Avec du travail et de la cr\u00e9ativit\u00e9, nous pouvons travailler ensemble dans une perspective d'avenir et mettre sur pied un magazine qui se laisse voir et lire !<\/p>\n<p>Nous nous r\u00e9jouissons de ta candidature ! Il suffit d'\u00e9crire un mail \u00e0 <a href=\"mailto:look@spielecheck.gg\">look@spielecheck.gg<\/a> - Tout simplement avec deux ou trois \u00e9chantillons de lecture ou r\u00e9f\u00e9rences.<\/p>","protected":false},"excerpt":{"rendered":"<p>SpieleCheck ist ein deutsches Independent Gaming Magazin und ist auf dem Weg eine bedeutende Marke in der Gaming-Szene zu werden. Wir m\u00f6chten Gamer, Liebhaber aller Spielegenre, Nerds, Freaks, welche Rolle auch immer ihr einnehmt, vereinen. Kurzum: SpieleCheck ist ein Multiplayer-Format! Gast-Autoren und Gastbeitr\u00e4ge welcome! \u2013 F\u00fcr eine gemeinsame Eroberung der Gaming-News-Welt. Bewirb dich als Redakteur\/in [&hellip;]<\/p>\n","protected":false},"author":2,"featured_media":2207,"parent":0,"menu_order":0,"comment_status":"closed","ping_status":"closed","template":"","meta":{"_acf_changed":false,"footnotes":""},"class_list":["post-5868","page","type-page","status-publish","has-post-thumbnail","hentry"],"acf":[],"aioseo_notices":[],"essb_shorturl_ssu":"https:\/\/spielecheck.gg\/kUqSJuD","hashtags_social_media":null,"_hashtags_social_media":null,"instagram_carousel_01_feature_url":null,"_instagram_carousel_01_feature_url":null,"instagram_carousel_02_url":null,"_instagram_carousel_02_url":null,"instagram_carousel_03_url":null,"_instagram_carousel_03_url":null,"instagram_carousel_04_url":null,"_instagram_carousel_04_url":null,"Instagram_User":null,"_Instagram_User":null,"X_User":null,"_X_User":null,"Facebook_User":null,"_Facebook_User":null,"werbung_hinweis_social_media":null,"_werbung_hinweis_social_media":null,"auto_share_make_com":null,"_auto_share_make_com":null,"wp-worthy-pixel":{"ignored":false,"public":null,"server":null,"url":null},"wp-worthy-type":"normal","aioseo_head":"\n\t\t<!-- All in One SEO Pro 4.9.7 - aioseo.com -->\n\t<meta name=\"description\" content=\"F\u00fcr eine gemeinsame Eroberung der Gaming-Welt. SpieleCheck ist ein deutsches Inpependent Blog-Magazin, auf dem Weg eine bedeutende Gaming-Marke zu werden.\" \/>\n\t<meta name=\"robots\" content=\"max-image-preview:large\" \/>\n\t<meta name=\"google-site-verification\" content=\"vd9Fp4EPjxdabCEJreHeRT6FIgd7FLeKQsQt0qUR-AA\" \/>\n\t<meta name=\"p:domain_verify\" content=\"0549fc0b792c03b59db142166b471c53\" \/>\n\t<link rel=\"canonical\" href=\"https:\/\/spielecheck.gg\/fr-fr\/postulez-chez-spielecheck-creatifs-bienvenus\/\" \/>\n\t<meta name=\"generator\" content=\"All in One SEO Pro (AIOSEO) 4.9.7\" \/>\n\t\t<meta property=\"og:locale\" content=\"fr_FR\" \/>\n\t\t<meta property=\"og:site_name\" content=\"SPIELECHECK\" \/>\n\t\t<meta property=\"og:type\" content=\"article\" \/>\n\t\t<meta property=\"og:title\" content=\"Bewirb Dich bei SpieleCheck \u2605 Kreative K\u00f6pfe willkommen\" \/>\n\t\t<meta property=\"og:description\" content=\"F\u00fcr eine gemeinsame Eroberung der Gaming-Welt. SpieleCheck ist ein deutsches Inpependent Blog-Magazin, auf dem Weg eine bedeutende Gaming-Marke zu werden.\" \/>\n\t\t<meta property=\"og:url\" content=\"https:\/\/spielecheck.gg\/fr-fr\/postulez-chez-spielecheck-creatifs-bienvenus\/\" \/>\n\t\t<meta property=\"og:image\" content=\"https:\/\/spielecheck.gg\/wp-content\/uploads\/2021\/06\/Return-of-the-Tentacle-03.jpg\" \/>\n\t\t<meta property=\"og:image:secure_url\" content=\"https:\/\/spielecheck.gg\/wp-content\/uploads\/2021\/06\/Return-of-the-Tentacle-03.jpg\" \/>\n\t\t<meta property=\"og:image:width\" content=\"1280\" \/>\n\t\t<meta property=\"og:image:height\" content=\"720\" \/>\n\t\t<meta property=\"article:published_time\" content=\"2022-03-31T22:57:48+00:00\" \/>\n\t\t<meta property=\"article:modified_time\" content=\"2023-07-10T20:37:57+00:00\" \/>\n\t\t<meta property=\"article:publisher\" content=\"https:\/\/www.facebook.com\/spielecheckgg\/\" \/>\n\t\t<meta property=\"article:author\" content=\"https:\/\/www.facebook.com\/31nf4ch70mmy.D3\" \/>\n\t\t<meta name=\"twitter:card\" content=\"summary_large_image\" \/>\n\t\t<meta name=\"twitter:site\" content=\"@SpieleCheckGG\" \/>\n\t\t<meta name=\"twitter:title\" content=\"Bewirb Dich bei SpieleCheck \u2605 Kreative K\u00f6pfe willkommen\" \/>\n\t\t<meta name=\"twitter:description\" content=\"F\u00fcr eine gemeinsame Eroberung der Gaming-Welt. SpieleCheck ist ein deutsches Inpependent Blog-Magazin, auf dem Weg eine bedeutende Gaming-Marke zu werden.\" \/>\n\t\t<meta name=\"twitter:creator\" content=\"@EinfachTommyDE\" \/>\n\t\t<meta name=\"twitter:image\" content=\"https:\/\/spielecheck.gg\/wp-content\/uploads\/2021\/06\/Return-of-the-Tentacle-03.jpg\" \/>\n\t\t<meta name=\"twitter:label1\" content=\"\u00c9crit par\" \/>\n\t\t<meta name=\"twitter:data1\" content=\"EinfachTommy\" \/>\n\t\t<meta name=\"twitter:label2\" content=\"Estimation du temps de lecture\" \/>\n\t\t<meta name=\"twitter:data2\" content=\"2 minutes\" \/>\n\t\t<script type=\"application\/ld+json\" class=\"aioseo-schema\">\n\t\t\t{\"@context\":\"https:\\\/\\\/schema.org\",\"@graph\":[{\"@type\":\"BreadcrumbList\",\"@id\":\"https:\\\/\\\/spielecheck.gg\\\/fr-fr\\\/postulez-chez-spielecheck-creatifs-bienvenus\\\/#breadcrumblist\",\"itemListElement\":[{\"@type\":\"ListItem\",\"@id\":\"https:\\\/\\\/spielecheck.gg\\\/fr-fr#listItem\",\"position\":1,\"name\":\"Start\",\"item\":\"https:\\\/\\\/spielecheck.gg\\\/fr-fr\",\"nextItem\":{\"@type\":\"ListItem\",\"@id\":\"https:\\\/\\\/spielecheck.gg\\\/fr-fr\\\/postulez-chez-spielecheck-creatifs-bienvenus\\\/#listItem\",\"name\":\"Bewirb Dich bei SpieleCheck \\u2605 Kreative K\\u00f6pfe willkommen\"}},{\"@type\":\"ListItem\",\"@id\":\"https:\\\/\\\/spielecheck.gg\\\/fr-fr\\\/postulez-chez-spielecheck-creatifs-bienvenus\\\/#listItem\",\"position\":2,\"name\":\"Bewirb Dich bei SpieleCheck \\u2605 Kreative K\\u00f6pfe willkommen\",\"previousItem\":{\"@type\":\"ListItem\",\"@id\":\"https:\\\/\\\/spielecheck.gg\\\/fr-fr#listItem\",\"name\":\"Start\"}}]},{\"@type\":\"Organization\",\"@id\":\"https:\\\/\\\/spielecheck.gg\\\/fr-fr\\\/#organization\",\"name\":\"SPIELECHECK\",\"description\":\"Independent Gaming Magazin\",\"url\":\"https:\\\/\\\/spielecheck.gg\\\/fr-fr\\\/\",\"email\":\"look@spielecheck.gg\",\"logo\":{\"@type\":\"ImageObject\",\"url\":\"https:\\\/\\\/spielecheck.gg\\\/wp-content\\\/uploads\\\/2024\\\/11\\\/spielecheck-logo-2024-01.png\",\"@id\":\"https:\\\/\\\/spielecheck.gg\\\/fr-fr\\\/postulez-chez-spielecheck-creatifs-bienvenus\\\/#organizationLogo\",\"width\":1284,\"height\":232,\"caption\":\"SPIELECHECK\"},\"image\":{\"@id\":\"https:\\\/\\\/spielecheck.gg\\\/fr-fr\\\/postulez-chez-spielecheck-creatifs-bienvenus\\\/#organizationLogo\"},\"sameAs\":[\"https:\\\/\\\/www.facebook.com\\\/spielecheckgg\\\/\",\"https:\\\/\\\/x.com\\\/SpieleCheckGG\",\"https:\\\/\\\/www.instagram.com\\\/spielecheck\",\"https:\\\/\\\/www.tiktok.com\\\/@spielecheckgg\",\"https:\\\/\\\/www.youtube.com\\\/@spielecheckgg\\\/\",\"https:\\\/\\\/www.linkedin.com\\\/company\\\/spielecheck\\\/\",\"https:\\\/\\\/bsky.app\\\/profile\\\/spielecheck.bsky.social\",\"https:\\\/\\\/www.threads.com\\\/@spielecheck\"]},{\"@type\":\"WebPage\",\"@id\":\"https:\\\/\\\/spielecheck.gg\\\/fr-fr\\\/postulez-chez-spielecheck-creatifs-bienvenus\\\/#webpage\",\"url\":\"https:\\\/\\\/spielecheck.gg\\\/fr-fr\\\/postulez-chez-spielecheck-creatifs-bienvenus\\\/\",\"name\":\"Bewirb Dich bei SpieleCheck \\u2605 Kreative K\\u00f6pfe willkommen\",\"description\":\"F\\u00fcr eine gemeinsame Eroberung der Gaming-Welt. SpieleCheck ist ein deutsches Inpependent Blog-Magazin, auf dem Weg eine bedeutende Gaming-Marke zu werden.\",\"inLanguage\":\"fr-FR\",\"isPartOf\":{\"@id\":\"https:\\\/\\\/spielecheck.gg\\\/fr-fr\\\/#website\"},\"breadcrumb\":{\"@id\":\"https:\\\/\\\/spielecheck.gg\\\/fr-fr\\\/postulez-chez-spielecheck-creatifs-bienvenus\\\/#breadcrumblist\"},\"image\":{\"@type\":\"ImageObject\",\"url\":\"https:\\\/\\\/spielecheck.gg\\\/wp-content\\\/uploads\\\/2021\\\/06\\\/Return-of-the-Tentacle-03.jpg\",\"@id\":\"https:\\\/\\\/spielecheck.gg\\\/fr-fr\\\/postulez-chez-spielecheck-creatifs-bienvenus\\\/#mainImage\",\"width\":1280,\"height\":720,\"caption\":\"Return of the Tentacle\"},\"primaryImageOfPage\":{\"@id\":\"https:\\\/\\\/spielecheck.gg\\\/fr-fr\\\/postulez-chez-spielecheck-creatifs-bienvenus\\\/#mainImage\"},\"datePublished\":\"2022-04-01T00:57:48+02:00\",\"dateModified\":\"2023-07-10T22:37:57+02:00\"},{\"@type\":\"WebSite\",\"@id\":\"https:\\\/\\\/spielecheck.gg\\\/fr-fr\\\/#website\",\"url\":\"https:\\\/\\\/spielecheck.gg\\\/fr-fr\\\/\",\"name\":\"SPIELECHECK\",\"description\":\"Independent Gaming Magazin\",\"inLanguage\":\"fr-FR\",\"publisher\":{\"@id\":\"https:\\\/\\\/spielecheck.gg\\\/fr-fr\\\/#organization\"}}]}\n\t\t<\/script>\n\t\t<!-- All in One SEO Pro -->\r\n\t\t<title>Bewirb Dich bei SpieleCheck \u2605 Kreative K\u00f6pfe willkommen<\/title>\n\n","aioseo_head_json":{"title":"Postulez chez SpieleCheck \u2605 Esprits cr\u00e9atifs bienvenus","description":"Pour une conqu\u00eate commune du monde du jeu. SpieleCheck est un magazine blog ind\u00e9pendant allemand, en passe de devenir une marque de jeu importante.","canonical_url":"https:\/\/spielecheck.gg\/fr-fr\/postulez-chez-spielecheck-creatifs-bienvenus\/","robots":"max-image-preview:large","keywords":"","webmasterTools":{"google-site-verification":"vd9Fp4EPjxdabCEJreHeRT6FIgd7FLeKQsQt0qUR-AA","p:domain_verify":"0549fc0b792c03b59db142166b471c53","miscellaneous":""},"schema":{"@context":"https:\/\/schema.org","@graph":[{"@type":"BreadcrumbList","@id":"https:\/\/spielecheck.gg\/fr-fr\/postulez-chez-spielecheck-creatifs-bienvenus\/#breadcrumblist","itemListElement":[{"@type":"ListItem","@id":"https:\/\/spielecheck.gg\/fr-fr#listItem","position":1,"name":"Start","item":"https:\/\/spielecheck.gg\/fr-fr","nextItem":{"@type":"ListItem","@id":"https:\/\/spielecheck.gg\/fr-fr\/postulez-chez-spielecheck-creatifs-bienvenus\/#listItem","name":"Bewirb Dich bei SpieleCheck \u2605 Kreative K\u00f6pfe willkommen"}},{"@type":"ListItem","@id":"https:\/\/spielecheck.gg\/fr-fr\/postulez-chez-spielecheck-creatifs-bienvenus\/#listItem","position":2,"name":"Bewirb Dich bei SpieleCheck \u2605 Kreative K\u00f6pfe willkommen","previousItem":{"@type":"ListItem","@id":"https:\/\/spielecheck.gg\/fr-fr#listItem","name":"Start"}}]},{"@type":"Organization","@id":"https:\/\/spielecheck.gg\/fr-fr\/#organization","name":"SPIELECHECK","description":"Independent Gaming Magazin","url":"https:\/\/spielecheck.gg\/fr-fr\/","email":"look@spielecheck.gg","logo":{"@type":"ImageObject","url":"https:\/\/spielecheck.gg\/wp-content\/uploads\/2024\/11\/spielecheck-logo-2024-01.png","@id":"https:\/\/spielecheck.gg\/fr-fr\/postulez-chez-spielecheck-creatifs-bienvenus\/#organizationLogo","width":1284,"height":232,"caption":"SPIELECHECK"},"image":{"@id":"https:\/\/spielecheck.gg\/fr-fr\/postulez-chez-spielecheck-creatifs-bienvenus\/#organizationLogo"},"sameAs":["https:\/\/www.facebook.com\/spielecheckgg\/","https:\/\/x.com\/SpieleCheckGG","https:\/\/www.instagram.com\/spielecheck","https:\/\/www.tiktok.com\/@spielecheckgg","https:\/\/www.youtube.com\/@spielecheckgg\/","https:\/\/www.linkedin.com\/company\/spielecheck\/","https:\/\/bsky.app\/profile\/spielecheck.bsky.social","https:\/\/www.threads.com\/@spielecheck"]},{"@type":"WebPage","@id":"https:\/\/spielecheck.gg\/fr-fr\/postulez-chez-spielecheck-creatifs-bienvenus\/#webpage","url":"https:\/\/spielecheck.gg\/fr-fr\/postulez-chez-spielecheck-creatifs-bienvenus\/","name":"Bewirb Dich bei SpieleCheck \u2605 Kreative K\u00f6pfe willkommen","description":"F\u00fcr eine gemeinsame Eroberung der Gaming-Welt. SpieleCheck ist ein deutsches Inpependent Blog-Magazin, auf dem Weg eine bedeutende Gaming-Marke zu werden.","inLanguage":"fr-FR","isPartOf":{"@id":"https:\/\/spielecheck.gg\/fr-fr\/#website"},"breadcrumb":{"@id":"https:\/\/spielecheck.gg\/fr-fr\/postulez-chez-spielecheck-creatifs-bienvenus\/#breadcrumblist"},"image":{"@type":"ImageObject","url":"https:\/\/spielecheck.gg\/wp-content\/uploads\/2021\/06\/Return-of-the-Tentacle-03.jpg","@id":"https:\/\/spielecheck.gg\/fr-fr\/postulez-chez-spielecheck-creatifs-bienvenus\/#mainImage","width":1280,"height":720,"caption":"Return of the Tentacle"},"primaryImageOfPage":{"@id":"https:\/\/spielecheck.gg\/fr-fr\/postulez-chez-spielecheck-creatifs-bienvenus\/#mainImage"},"datePublished":"2022-04-01T00:57:48+02:00","dateModified":"2023-07-10T22:37:57+02:00"},{"@type":"WebSite","@id":"https:\/\/spielecheck.gg\/fr-fr\/#website","url":"https:\/\/spielecheck.gg\/fr-fr\/","name":"SPIELECHECK","description":"Independent Gaming Magazin","inLanguage":"fr-FR","publisher":{"@id":"https:\/\/spielecheck.gg\/fr-fr\/#organization"}}]},"og:locale":"fr_FR","og:site_name":"SPIELECHECK","og:type":"article","og:title":"Bewirb Dich bei SpieleCheck \u2605 Kreative K\u00f6pfe willkommen","og:description":"F\u00fcr eine gemeinsame Eroberung der Gaming-Welt. SpieleCheck ist ein deutsches Inpependent Blog-Magazin, auf dem Weg eine bedeutende Gaming-Marke zu werden.","og:url":"https:\/\/spielecheck.gg\/fr-fr\/postulez-chez-spielecheck-creatifs-bienvenus\/","og:image":"https:\/\/spielecheck.gg\/wp-content\/uploads\/2021\/06\/Return-of-the-Tentacle-03.jpg","og:image:secure_url":"https:\/\/spielecheck.gg\/wp-content\/uploads\/2021\/06\/Return-of-the-Tentacle-03.jpg","og:image:width":1280,"og:image:height":720,"article:published_time":"2022-03-31T22:57:48+00:00","article:modified_time":"2023-07-10T20:37:57+00:00","article:publisher":"https:\/\/www.facebook.com\/spielecheckgg\/","article:author":"https:\/\/www.facebook.com\/31nf4ch70mmy.D3","twitter:card":"summary_large_image","twitter:site":"@SpieleCheckGG","twitter:title":"Bewirb Dich bei SpieleCheck \u2605 Kreative K\u00f6pfe willkommen","twitter:description":"F\u00fcr eine gemeinsame Eroberung der Gaming-Welt. SpieleCheck ist ein deutsches Inpependent Blog-Magazin, auf dem Weg eine bedeutende Gaming-Marke zu werden.","twitter:creator":"@EinfachTommyDE","twitter:image":"https:\/\/spielecheck.gg\/wp-content\/uploads\/2021\/06\/Return-of-the-Tentacle-03.jpg","twitter:label1":"\u00c9crit par","twitter:data1":"EinfachTommy","twitter:label2":"Estimation du temps de lecture","twitter:data2":"2 minutes"},"aioseo_meta_data":{"post_id":"5868","title":null,"description":"Pour une conqu\u00eate commune du monde du jeu. SpieleCheck est un magazine blog ind\u00e9pendant allemand, en passe de devenir une marque de jeu importante.","keywords":[],"keyphrases":{"focus":{"keyphrase":"SpieleCheck","score":100,"analysis":{"keyphraseInTitle":{"score":9,"maxScore":9,"error":0},"keyphraseInDescription":{"score":9,"maxScore":9,"error":0},"keyphraseLength":{"score":9,"maxScore":9,"error":0,"length":1},"keyphraseInURL":{"score":5,"maxScore":5,"error":0},"keyphraseInIntroduction":{"score":9,"maxScore":9,"error":0},"keyphraseInSubHeadings":{"score":9,"maxScore":9,"error":0},"keyphraseInImageAlt":[]}},"additional":[]},"primary_term":null,"canonical_url":null,"og_title":"#post_title","og_description":"F\u00fcr eine gemeinsame Eroberung der Gaming-Welt. SpieleCheck ist ein deutsches Inpependent Blog-Magazin, auf dem Weg eine bedeutende Gaming-Marke zu werden.","og_object_type":"default","og_image_type":"default","og_image_url":null,"og_image_width":null,"og_image_height":null,"og_image_custom_url":null,"og_image_custom_fields":null,"og_video":"","og_custom_url":null,"og_article_section":null,"og_article_tags":[],"twitter_use_og":false,"twitter_card":"default","twitter_image_type":"default","twitter_image_url":null,"twitter_image_custom_url":null,"twitter_image_custom_fields":null,"twitter_title":"#post_title","twitter_description":"F\u00fcr eine gemeinsame Eroberung der Gaming-Welt. SpieleCheck ist ein deutsches Inpependent Blog-Magazin, auf dem Weg eine bedeutende Gaming-Marke zu werden.","schema":{"blockGraphs":[],"customGraphs":[],"default":{"data":{"Article":[],"Course":[],"Dataset":[],"FAQPage":[],"Movie":[],"Person":[],"Product":[],"ProductReview":[],"Car":[],"Recipe":[],"Service":[],"SoftwareApplication":[],"WebPage":[]},"graphName":"WebPage","isEnabled":true},"graphs":[]},"schema_type":"default","schema_type_options":null,"pillar_content":false,"robots_default":true,"robots_noindex":false,"robots_noarchive":false,"robots_nosnippet":false,"robots_nofollow":false,"robots_noimageindex":false,"robots_noodp":false,"robots_notranslate":false,"robots_max_snippet":"-1","robots_max_videopreview":"-1","robots_max_imagepreview":"large","priority":null,"frequency":"default","local_seo":null,"seo_analyzer_scan_date":"2026-05-12 22:40:21","breadcrumb_settings":null,"limit_modified_date":false,"reviewed_by":null,"open_ai":"{\"title\":{\"suggestions\":[],\"usage\":0},\"description\":{\"suggestions\":[],\"usage\":0}}","ai":null,"created":"2022-11-19 20:20:41","updated":"2026-05-12 22:40:21"},"aioseo_breadcrumb":"<div class=\"aioseo-breadcrumbs\"><span class=\"aioseo-breadcrumb\">\n\t<a href=\"https:\/\/spielecheck.gg\/fr-fr\" title=\"Start\">Start<\/a>\n<\/span><span class=\"aioseo-breadcrumb-separator\">\u00bb<\/span><span class=\"aioseo-breadcrumb\">\n\t<a href=\"https:\/\/spielecheck.gg\/fr-fr\/postulez-chez-spielecheck-creatifs-bienvenus\/\" title=\"Bewirb Dich bei SpieleCheck \u2605 Kreative K\u00f6pfe willkommen\">Bewirb Dich bei SpieleCheck \u2605 Kreative K\u00f6pfe willkommen<\/a>\n<\/span><\/div>","aioseo_breadcrumb_json":[{"label":"Start","link":"https:\/\/spielecheck.gg\/fr-fr"},{"label":"Bewirb Dich bei SpieleCheck \u2605 Kreative K\u00f6pfe willkommen","link":"https:\/\/spielecheck.gg\/fr-fr\/postulez-chez-spielecheck-creatifs-bienvenus\/"}],"_links":{"self":[{"href":"https:\/\/spielecheck.gg\/fr-fr\/wp-json\/wp\/v2\/pages\/5868","targetHints":{"allow":["GET"]}}],"collection":[{"href":"https:\/\/spielecheck.gg\/fr-fr\/wp-json\/wp\/v2\/pages"}],"about":[{"href":"https:\/\/spielecheck.gg\/fr-fr\/wp-json\/wp\/v2\/types\/page"}],"author":[{"embeddable":true,"href":"https:\/\/spielecheck.gg\/fr-fr\/wp-json\/wp\/v2\/users\/2"}],"replies":[{"embeddable":true,"href":"https:\/\/spielecheck.gg\/fr-fr\/wp-json\/wp\/v2\/comments?post=5868"}],"version-history":[{"count":0,"href":"https:\/\/spielecheck.gg\/fr-fr\/wp-json\/wp\/v2\/pages\/5868\/revisions"}],"wp:featuredmedia":[{"embeddable":true,"href":"https:\/\/spielecheck.gg\/fr-fr\/wp-json\/wp\/v2\/media\/2207"}],"wp:attachment":[{"href":"https:\/\/spielecheck.gg\/fr-fr\/wp-json\/wp\/v2\/media?parent=5868"}],"curies":[{"name":"wp","href":"https:\/\/api.w.org\/{rel}","templated":true}]}}