{"id":15501,"date":"2025-05-11T14:44:14","date_gmt":"2025-05-11T12:44:14","guid":{"rendered":"https:\/\/spielecheck.gg\/?page_id=15501"},"modified":"2025-05-11T14:49:36","modified_gmt":"2025-05-11T12:49:36","slug":"doe-je-zegje-en-help-de-toekomst-vorm-te-geven","status":"publish","type":"page","link":"https:\/\/spielecheck.gg\/nl-nl\/doe-je-zegje-en-help-de-toekomst-vorm-te-geven\/","title":{"rendered":"Doe je zegje en help de toekomst vorm te geven"},"content":{"rendered":"<div data-elementor-type=\"wp-page\" data-elementor-id=\"15501\" class=\"elementor elementor-15501\" data-elementor-post-type=\"page\">\n\t\t\t\t<div class=\"elementor-element elementor-element-2d4fcfb e-flex e-con-boxed e-con e-parent\" data-id=\"2d4fcfb\" data-element_type=\"container\" data-e-type=\"container\">\n\t\t\t\t\t<div class=\"e-con-inner\">\n\t\t\t\t<div class=\"elementor-element elementor-element-62fa091 elementor-widget elementor-widget-heading\" data-id=\"62fa091\" data-element_type=\"widget\" data-e-type=\"widget\" data-widget_type=\"heading.default\">\n\t\t\t\t\t<h1 class=\"elementor-heading-title elementor-size-default\">Doe je zegje en help de toekomst vorm te geven<\/h1>\t\t\t\t<\/div>\n\t\t\t\t<div class=\"elementor-element elementor-element-a4d671d elementor-widget elementor-widget-text-editor\" data-id=\"a4d671d\" data-element_type=\"widget\" data-e-type=\"widget\" data-widget_type=\"text-editor.default\">\n\t\t\t\t\t\t\t\t\t<p>SPIELECHECK leeft van haar gemeenschap - en jij kunt daar deel van uitmaken. Op onze Discord heb je de mogelijkheid om direct betrokken te raken: Bespreek nieuwe games met ons, geef feedback op artikelen en shorts of stel onderwerpen voor die je interesseren.<\/p><p>Wil je mee beslissen welke games we als volgende testen? Heb je idee\u00ebn voor spannende content of wil je gewoon chatten met andere gamefans? Dan ben je hier aan het juiste adres.<\/p><p>We blijven SPIELECHECK samen met de gemeenschap ontwikkelen - open, direct en met veel plezier.<\/p><p><a href=\"https:\/\/discord.gg\/CsPMA2z6Mn\" target=\"_blank\" rel=\"noopener\">Word nu lid van de Discord en help deze vorm te geven.<\/a><\/p><p>Opmerking: De server wordt momenteel omgezet van mijn oude streamer-server naar een community-server. Selecteer \"EinfachTommy\" aan het begin. Ik kijk ernaar uit om je te zien.<\/p><p><a href=\"https:\/\/www.patreon.com\/c\/spielecheck\" target=\"_blank\" rel=\"noopener\">Je kunt ook gratis mijn Patreon volgen.<\/a><\/p>\t\t\t\t\t\t\t\t<\/div>\n\t\t\t\t\t<\/div>\n\t\t\t\t<\/div>\n\t\t\t\t<\/div>","protected":false},"excerpt":{"rendered":"<p>Mitreden und mitgestalten SPIELECHECK lebt von seiner Community \u2013 und du kannst ein Teil davon sein. Auf unserem Discord hast du die M\u00f6glichkeit, dich direkt einzubringen: Diskutiere mit uns \u00fcber neue Spiele, gib Feedback zu Artikeln und Shorts oder schlag Themen vor, die dich interessieren. Du m\u00f6chtest mitentscheiden, welche Games wir als N\u00e4chstes testen? Du [&hellip;]<\/p>\n","protected":false},"author":2,"featured_media":0,"parent":0,"menu_order":0,"comment_status":"closed","ping_status":"closed","template":"","meta":{"_acf_changed":false,"footnotes":""},"class_list":["post-15501","page","type-page","status-publish","hentry"],"acf":[],"aioseo_notices":[],"essb_shorturl_ssu":null,"hashtags_social_media":null,"_hashtags_social_media":null,"instagram_carousel_01_feature_url":null,"_instagram_carousel_01_feature_url":null,"instagram_carousel_02_url":null,"_instagram_carousel_02_url":null,"instagram_carousel_03_url":null,"_instagram_carousel_03_url":null,"instagram_carousel_04_url":null,"_instagram_carousel_04_url":null,"Instagram_User":null,"_Instagram_User":null,"X_User":null,"_X_User":null,"Facebook_User":null,"_Facebook_User":null,"werbung_hinweis_social_media":null,"_werbung_hinweis_social_media":null,"auto_share_make_com":null,"_auto_share_make_com":null,"wp-worthy-pixel":{"ignored":false,"public":null,"server":null,"url":null},"wp-worthy-type":"normal","aioseo_head":"\n\t\t<!-- All in One SEO Pro 4.9.5.2 - aioseo.com -->\n\t<meta name=\"description\" content=\"Mitreden und mitgestalten SPIELECHECK lebt von seiner Community \u2013 und du kannst ein Teil davon sein. Auf unserem Discord hast du die M\u00f6glichkeit, dich direkt einzubringen: Diskutiere mit uns \u00fcber neue Spiele, gib Feedback zu Artikeln und Shorts oder schlag Themen vor, die dich interessieren.Du m\u00f6chtest mitentscheiden, welche Games wir als N\u00e4chstes testen? Du hast\" \/>\n\t<meta name=\"robots\" content=\"max-image-preview:large\" \/>\n\t<meta name=\"google-site-verification\" content=\"vd9Fp4EPjxdabCEJreHeRT6FIgd7FLeKQsQt0qUR-AA\" \/>\n\t<meta name=\"p:domain_verify\" content=\"0549fc0b792c03b59db142166b471c53\" \/>\n\t<link rel=\"canonical\" href=\"https:\/\/spielecheck.gg\/nl-nl\/doe-je-zegje-en-help-de-toekomst-vorm-te-geven\/\" \/>\n\t<meta name=\"generator\" content=\"All in One SEO Pro (AIOSEO) 4.9.5.2\" \/>\n\t\t<meta property=\"og:locale\" content=\"nl_NL\" \/>\n\t\t<meta property=\"og:site_name\" content=\"SPIELECHECK\" \/>\n\t\t<meta property=\"og:type\" content=\"article\" \/>\n\t\t<meta property=\"og:title\" content=\"Mitreden und mitgestalten\" \/>\n\t\t<meta property=\"og:description\" content=\"Mitreden und mitgestalten SPIELECHECK lebt von seiner Community \u2013 und du kannst ein Teil davon sein. Auf unserem Discord hast du die M\u00f6glichkeit, dich direkt einzubringen: Diskutiere mit uns \u00fcber neue Spiele, gib Feedback zu Artikeln und Shorts oder schlag Themen vor, die dich interessieren.Du m\u00f6chtest mitentscheiden, welche Games wir als N\u00e4chstes testen? Du hast\" \/>\n\t\t<meta property=\"og:url\" content=\"https:\/\/spielecheck.gg\/nl-nl\/doe-je-zegje-en-help-de-toekomst-vorm-te-geven\/\" \/>\n\t\t<meta property=\"og:image\" content=\"https:\/\/spielecheck.gg\/wp-content\/uploads\/2024\/11\/seo-picture-spielecheck-01.webp\" \/>\n\t\t<meta property=\"og:image:secure_url\" content=\"https:\/\/spielecheck.gg\/wp-content\/uploads\/2024\/11\/seo-picture-spielecheck-01.webp\" \/>\n\t\t<meta property=\"og:image:width\" content=\"1280\" \/>\n\t\t<meta property=\"og:image:height\" content=\"720\" \/>\n\t\t<meta property=\"article:published_time\" content=\"2025-05-11T12:44:14+00:00\" \/>\n\t\t<meta property=\"article:modified_time\" content=\"2025-05-11T12:49:36+00:00\" \/>\n\t\t<meta property=\"article:publisher\" content=\"https:\/\/www.facebook.com\/spielecheckgg\/\" \/>\n\t\t<meta property=\"article:author\" content=\"https:\/\/www.facebook.com\/31nf4ch70mmy.D3\" \/>\n\t\t<meta name=\"twitter:card\" content=\"summary_large_image\" \/>\n\t\t<meta name=\"twitter:site\" content=\"@SpieleCheckGG\" \/>\n\t\t<meta name=\"twitter:title\" content=\"Mitreden und mitgestalten\" \/>\n\t\t<meta name=\"twitter:description\" content=\"Mitreden und mitgestalten SPIELECHECK lebt von seiner Community \u2013 und du kannst ein Teil davon sein. Auf unserem Discord hast du die M\u00f6glichkeit, dich direkt einzubringen: Diskutiere mit uns \u00fcber neue Spiele, gib Feedback zu Artikeln und Shorts oder schlag Themen vor, die dich interessieren.Du m\u00f6chtest mitentscheiden, welche Games wir als N\u00e4chstes testen? Du hast\" \/>\n\t\t<meta name=\"twitter:creator\" content=\"@EinfachTommyDE\" \/>\n\t\t<meta name=\"twitter:image\" content=\"https:\/\/spielecheck.gg\/wp-content\/uploads\/2024\/11\/seo-picture-spielecheck-01.webp\" \/>\n\t\t<meta name=\"twitter:label1\" content=\"Geschreven door\" \/>\n\t\t<meta name=\"twitter:data1\" content=\"EinfachTommy\" \/>\n\t\t<meta name=\"twitter:label2\" content=\"Geschatte leestijd\" \/>\n\t\t<meta name=\"twitter:data2\" content=\"1 minuut\" \/>\n\t\t<script type=\"application\/ld+json\" class=\"aioseo-schema\">\n\t\t\t{\"@context\":\"https:\\\/\\\/schema.org\",\"@graph\":[{\"@type\":\"BreadcrumbList\",\"@id\":\"https:\\\/\\\/spielecheck.gg\\\/nl-nl\\\/doe-je-zegje-en-help-de-toekomst-vorm-te-geven\\\/#breadcrumblist\",\"itemListElement\":[{\"@type\":\"ListItem\",\"@id\":\"https:\\\/\\\/spielecheck.gg\\\/nl-nl#listItem\",\"position\":1,\"name\":\"Start\",\"item\":\"https:\\\/\\\/spielecheck.gg\\\/nl-nl\",\"nextItem\":{\"@type\":\"ListItem\",\"@id\":\"https:\\\/\\\/spielecheck.gg\\\/nl-nl\\\/doe-je-zegje-en-help-de-toekomst-vorm-te-geven\\\/#listItem\",\"name\":\"Mitreden und mitgestalten\"}},{\"@type\":\"ListItem\",\"@id\":\"https:\\\/\\\/spielecheck.gg\\\/nl-nl\\\/doe-je-zegje-en-help-de-toekomst-vorm-te-geven\\\/#listItem\",\"position\":2,\"name\":\"Mitreden und mitgestalten\",\"previousItem\":{\"@type\":\"ListItem\",\"@id\":\"https:\\\/\\\/spielecheck.gg\\\/nl-nl#listItem\",\"name\":\"Start\"}}]},{\"@type\":\"Organization\",\"@id\":\"https:\\\/\\\/spielecheck.gg\\\/nl-nl\\\/#organization\",\"name\":\"SPIELECHECK\",\"description\":\"Independent Gaming Magazin\",\"url\":\"https:\\\/\\\/spielecheck.gg\\\/nl-nl\\\/\",\"email\":\"look@spielecheck.gg\",\"logo\":{\"@type\":\"ImageObject\",\"url\":\"https:\\\/\\\/spielecheck.gg\\\/wp-content\\\/uploads\\\/2024\\\/11\\\/spielecheck-logo-2024-01.png\",\"@id\":\"https:\\\/\\\/spielecheck.gg\\\/nl-nl\\\/doe-je-zegje-en-help-de-toekomst-vorm-te-geven\\\/#organizationLogo\",\"width\":1284,\"height\":232,\"caption\":\"SPIELECHECK\"},\"image\":{\"@id\":\"https:\\\/\\\/spielecheck.gg\\\/nl-nl\\\/doe-je-zegje-en-help-de-toekomst-vorm-te-geven\\\/#organizationLogo\"},\"sameAs\":[\"https:\\\/\\\/www.facebook.com\\\/spielecheckgg\\\/\",\"https:\\\/\\\/x.com\\\/SpieleCheckGG\",\"https:\\\/\\\/www.instagram.com\\\/spielecheck\",\"https:\\\/\\\/www.tiktok.com\\\/@spielecheckgg\",\"https:\\\/\\\/www.youtube.com\\\/@spielecheckgg\\\/\",\"https:\\\/\\\/www.linkedin.com\\\/company\\\/spielecheck\\\/\",\"https:\\\/\\\/bsky.app\\\/profile\\\/spielecheck.bsky.social\",\"https:\\\/\\\/www.threads.com\\\/@spielecheck\"]},{\"@type\":\"WebPage\",\"@id\":\"https:\\\/\\\/spielecheck.gg\\\/nl-nl\\\/doe-je-zegje-en-help-de-toekomst-vorm-te-geven\\\/#webpage\",\"url\":\"https:\\\/\\\/spielecheck.gg\\\/nl-nl\\\/doe-je-zegje-en-help-de-toekomst-vorm-te-geven\\\/\",\"name\":\"Mitreden und mitgestalten\",\"description\":\"Mitreden und mitgestalten SPIELECHECK lebt von seiner Community \\u2013 und du kannst ein Teil davon sein. Auf unserem Discord hast du die M\\u00f6glichkeit, dich direkt einzubringen: Diskutiere mit uns \\u00fcber neue Spiele, gib Feedback zu Artikeln und Shorts oder schlag Themen vor, die dich interessieren.Du m\\u00f6chtest mitentscheiden, welche Games wir als N\\u00e4chstes testen? Du hast\",\"inLanguage\":\"nl-NL\",\"isPartOf\":{\"@id\":\"https:\\\/\\\/spielecheck.gg\\\/nl-nl\\\/#website\"},\"breadcrumb\":{\"@id\":\"https:\\\/\\\/spielecheck.gg\\\/nl-nl\\\/doe-je-zegje-en-help-de-toekomst-vorm-te-geven\\\/#breadcrumblist\"},\"datePublished\":\"2025-05-11T14:44:14+02:00\",\"dateModified\":\"2025-05-11T14:49:36+02:00\"},{\"@type\":\"WebSite\",\"@id\":\"https:\\\/\\\/spielecheck.gg\\\/nl-nl\\\/#website\",\"url\":\"https:\\\/\\\/spielecheck.gg\\\/nl-nl\\\/\",\"name\":\"SPIELECHECK\",\"description\":\"Independent Gaming Magazin\",\"inLanguage\":\"nl-NL\",\"publisher\":{\"@id\":\"https:\\\/\\\/spielecheck.gg\\\/nl-nl\\\/#organization\"}}]}\n\t\t<\/script>\n\t\t<!-- All in One SEO Pro -->\r\n\t\t<title>Mitreden und mitgestalten<\/title>\n\n","aioseo_head_json":{"title":"Doe je zegje en help de toekomst vorm te geven","description":"SPIELECHECK is afhankelijk van haar gemeenschap - en jij kunt daar deel van uitmaken. Onze Discord geeft je de mogelijkheid om direct betrokken te raken: Bespreek nieuwe games met ons, geef feedback op artikelen en shorts of stel onderwerpen voor die je interesseren.Wil je meebeslissen welke games we de volgende keer testen? Je hebt","canonical_url":"https:\/\/spielecheck.gg\/nl-nl\/doe-je-zegje-en-help-de-toekomst-vorm-te-geven\/","robots":"max-image-preview:large","keywords":"","webmasterTools":{"google-site-verification":"vd9Fp4EPjxdabCEJreHeRT6FIgd7FLeKQsQt0qUR-AA","p:domain_verify":"0549fc0b792c03b59db142166b471c53","miscellaneous":""},"schema":{"@context":"https:\/\/schema.org","@graph":[{"@type":"BreadcrumbList","@id":"https:\/\/spielecheck.gg\/nl-nl\/doe-je-zegje-en-help-de-toekomst-vorm-te-geven\/#breadcrumblist","itemListElement":[{"@type":"ListItem","@id":"https:\/\/spielecheck.gg\/nl-nl#listItem","position":1,"name":"Start","item":"https:\/\/spielecheck.gg\/nl-nl","nextItem":{"@type":"ListItem","@id":"https:\/\/spielecheck.gg\/nl-nl\/doe-je-zegje-en-help-de-toekomst-vorm-te-geven\/#listItem","name":"Mitreden und mitgestalten"}},{"@type":"ListItem","@id":"https:\/\/spielecheck.gg\/nl-nl\/doe-je-zegje-en-help-de-toekomst-vorm-te-geven\/#listItem","position":2,"name":"Mitreden und mitgestalten","previousItem":{"@type":"ListItem","@id":"https:\/\/spielecheck.gg\/nl-nl#listItem","name":"Start"}}]},{"@type":"Organization","@id":"https:\/\/spielecheck.gg\/nl-nl\/#organization","name":"SPIELECHECK","description":"Independent Gaming Magazin","url":"https:\/\/spielecheck.gg\/nl-nl\/","email":"look@spielecheck.gg","logo":{"@type":"ImageObject","url":"https:\/\/spielecheck.gg\/wp-content\/uploads\/2024\/11\/spielecheck-logo-2024-01.png","@id":"https:\/\/spielecheck.gg\/nl-nl\/doe-je-zegje-en-help-de-toekomst-vorm-te-geven\/#organizationLogo","width":1284,"height":232,"caption":"SPIELECHECK"},"image":{"@id":"https:\/\/spielecheck.gg\/nl-nl\/doe-je-zegje-en-help-de-toekomst-vorm-te-geven\/#organizationLogo"},"sameAs":["https:\/\/www.facebook.com\/spielecheckgg\/","https:\/\/x.com\/SpieleCheckGG","https:\/\/www.instagram.com\/spielecheck","https:\/\/www.tiktok.com\/@spielecheckgg","https:\/\/www.youtube.com\/@spielecheckgg\/","https:\/\/www.linkedin.com\/company\/spielecheck\/","https:\/\/bsky.app\/profile\/spielecheck.bsky.social","https:\/\/www.threads.com\/@spielecheck"]},{"@type":"WebPage","@id":"https:\/\/spielecheck.gg\/nl-nl\/doe-je-zegje-en-help-de-toekomst-vorm-te-geven\/#webpage","url":"https:\/\/spielecheck.gg\/nl-nl\/doe-je-zegje-en-help-de-toekomst-vorm-te-geven\/","name":"Mitreden und mitgestalten","description":"Mitreden und mitgestalten SPIELECHECK lebt von seiner Community \u2013 und du kannst ein Teil davon sein. Auf unserem Discord hast du die M\u00f6glichkeit, dich direkt einzubringen: Diskutiere mit uns \u00fcber neue Spiele, gib Feedback zu Artikeln und Shorts oder schlag Themen vor, die dich interessieren.Du m\u00f6chtest mitentscheiden, welche Games wir als N\u00e4chstes testen? Du hast","inLanguage":"nl-NL","isPartOf":{"@id":"https:\/\/spielecheck.gg\/nl-nl\/#website"},"breadcrumb":{"@id":"https:\/\/spielecheck.gg\/nl-nl\/doe-je-zegje-en-help-de-toekomst-vorm-te-geven\/#breadcrumblist"},"datePublished":"2025-05-11T14:44:14+02:00","dateModified":"2025-05-11T14:49:36+02:00"},{"@type":"WebSite","@id":"https:\/\/spielecheck.gg\/nl-nl\/#website","url":"https:\/\/spielecheck.gg\/nl-nl\/","name":"SPIELECHECK","description":"Independent Gaming Magazin","inLanguage":"nl-NL","publisher":{"@id":"https:\/\/spielecheck.gg\/nl-nl\/#organization"}}]},"og:locale":"nl_NL","og:site_name":"SPIELECHECK","og:type":"article","og:title":"Mitreden und mitgestalten","og:description":"Mitreden und mitgestalten SPIELECHECK lebt von seiner Community \u2013 und du kannst ein Teil davon sein. Auf unserem Discord hast du die M\u00f6glichkeit, dich direkt einzubringen: Diskutiere mit uns \u00fcber neue Spiele, gib Feedback zu Artikeln und Shorts oder schlag Themen vor, die dich interessieren.Du m\u00f6chtest mitentscheiden, welche Games wir als N\u00e4chstes testen? Du hast","og:url":"https:\/\/spielecheck.gg\/nl-nl\/doe-je-zegje-en-help-de-toekomst-vorm-te-geven\/","og:image":"https:\/\/spielecheck.gg\/wp-content\/uploads\/2024\/11\/seo-picture-spielecheck-01.webp","og:image:secure_url":"https:\/\/spielecheck.gg\/wp-content\/uploads\/2024\/11\/seo-picture-spielecheck-01.webp","og:image:width":1280,"og:image:height":720,"article:published_time":"2025-05-11T12:44:14+00:00","article:modified_time":"2025-05-11T12:49:36+00:00","article:publisher":"https:\/\/www.facebook.com\/spielecheckgg\/","article:author":"https:\/\/www.facebook.com\/31nf4ch70mmy.D3","twitter:card":"summary_large_image","twitter:site":"@SpieleCheckGG","twitter:title":"Mitreden und mitgestalten","twitter:description":"Mitreden und mitgestalten SPIELECHECK lebt von seiner Community \u2013 und du kannst ein Teil davon sein. Auf unserem Discord hast du die M\u00f6glichkeit, dich direkt einzubringen: Diskutiere mit uns \u00fcber neue Spiele, gib Feedback zu Artikeln und Shorts oder schlag Themen vor, die dich interessieren.Du m\u00f6chtest mitentscheiden, welche Games wir als N\u00e4chstes testen? Du hast","twitter:creator":"@EinfachTommyDE","twitter:image":"https:\/\/spielecheck.gg\/wp-content\/uploads\/2024\/11\/seo-picture-spielecheck-01.webp","twitter:label1":"Geschreven door","twitter:data1":"EinfachTommy","twitter:label2":"Geschatte leestijd","twitter:data2":"1 minuut"},"aioseo_meta_data":{"post_id":"15501","title":null,"description":null,"keywords":null,"keyphrases":{"focus":{"keyphrase":"","score":0,"analysis":{"keyphraseInTitle":{"score":0,"maxScore":9,"error":1}}},"additional":[]},"primary_term":null,"canonical_url":null,"og_title":null,"og_description":null,"og_object_type":"default","og_image_type":"default","og_image_url":null,"og_image_width":null,"og_image_height":null,"og_image_custom_url":null,"og_image_custom_fields":null,"og_video":"","og_custom_url":null,"og_article_section":null,"og_article_tags":null,"twitter_use_og":false,"twitter_card":"default","twitter_image_type":"default","twitter_image_url":null,"twitter_image_custom_url":null,"twitter_image_custom_fields":null,"twitter_title":null,"twitter_description":null,"schema":{"blockGraphs":[],"customGraphs":[],"default":{"data":{"Article":[],"Course":[],"Dataset":[],"FAQPage":[],"Movie":[],"Person":[],"Product":[],"ProductReview":[],"Car":[],"Recipe":[],"Service":[],"SoftwareApplication":[],"WebPage":[]},"graphName":"WebPage","isEnabled":true},"graphs":[]},"schema_type":"default","schema_type_options":null,"pillar_content":false,"robots_default":true,"robots_noindex":false,"robots_noarchive":false,"robots_nosnippet":false,"robots_nofollow":false,"robots_noimageindex":false,"robots_noodp":false,"robots_notranslate":false,"robots_max_snippet":"-1","robots_max_videopreview":"-1","robots_max_imagepreview":"large","priority":null,"frequency":"default","local_seo":null,"seo_analyzer_scan_date":"2025-10-08 21:19:50","breadcrumb_settings":null,"limit_modified_date":false,"reviewed_by":null,"open_ai":"{\"title\":{\"suggestions\":[],\"usage\":0},\"description\":{\"suggestions\":[],\"usage\":0}}","ai":null,"created":"2025-05-11 12:40:33","updated":"2025-10-21 20:38:00"},"aioseo_breadcrumb":"<div class=\"aioseo-breadcrumbs\"><span class=\"aioseo-breadcrumb\">\n\t<a href=\"https:\/\/spielecheck.gg\/nl-nl\" title=\"Start\">Start<\/a>\n<\/span><span class=\"aioseo-breadcrumb-separator\">\u00bb<\/span><span class=\"aioseo-breadcrumb\">\n\t<a href=\"https:\/\/spielecheck.gg\/nl-nl\/doe-je-zegje-en-help-de-toekomst-vorm-te-geven\/\" title=\"Mitreden und mitgestalten\">Mitreden und mitgestalten<\/a>\n<\/span><\/div>","aioseo_breadcrumb_json":[{"label":"Start","link":"https:\/\/spielecheck.gg\/nl-nl"},{"label":"Mitreden und mitgestalten","link":"https:\/\/spielecheck.gg\/nl-nl\/doe-je-zegje-en-help-de-toekomst-vorm-te-geven\/"}],"_links":{"self":[{"href":"https:\/\/spielecheck.gg\/nl-nl\/wp-json\/wp\/v2\/pages\/15501","targetHints":{"allow":["GET"]}}],"collection":[{"href":"https:\/\/spielecheck.gg\/nl-nl\/wp-json\/wp\/v2\/pages"}],"about":[{"href":"https:\/\/spielecheck.gg\/nl-nl\/wp-json\/wp\/v2\/types\/page"}],"author":[{"embeddable":true,"href":"https:\/\/spielecheck.gg\/nl-nl\/wp-json\/wp\/v2\/users\/2"}],"replies":[{"embeddable":true,"href":"https:\/\/spielecheck.gg\/nl-nl\/wp-json\/wp\/v2\/comments?post=15501"}],"version-history":[{"count":0,"href":"https:\/\/spielecheck.gg\/nl-nl\/wp-json\/wp\/v2\/pages\/15501\/revisions"}],"wp:attachment":[{"href":"https:\/\/spielecheck.gg\/nl-nl\/wp-json\/wp\/v2\/media?parent=15501"}],"curies":[{"name":"wp","href":"https:\/\/api.w.org\/{rel}","templated":true}]}}